{"id":1385,"date":"2013-12-08T12:15:38","date_gmt":"2013-12-08T11:15:38","guid":{"rendered":"http:\/\/www.heilquelle.ch\/v2\/?page_id=1385"},"modified":"2019-12-23T13:03:00","modified_gmt":"2019-12-23T12:03:00","slug":"vacances-loeche-les-bains","status":"publish","type":"page","link":"https:\/\/www.heilquelle.ch\/fr\/vacances-loeche-les-bains\/","title":{"rendered":"Vacances Lo\u00e8che-les-Bains"},"content":{"rendered":"<div id='av_section_1'  class='avia-section main_color avia-section-default avia-no-shadow  avia-bg-style-scroll  avia-builder-el-0  el_before_av_section  avia-builder-el-first   container_wrap fullsize' style=' '  ><div class='container' ><main  role=\"main\" itemprop=\"mainContentOfPage\"  class='template-page content  av-content-full alpha units'><div class='post-entry post-entry-type-page post-entry-1385'><div class='entry-content-wrapper clearfix'>\n<div  style='padding-bottom:10px; font-size:50px;' class='av-special-heading av-special-heading-h1  blockquote modern-quote modern-centered  avia-builder-el-1  el_before_av_heading  avia-builder-el-first  av-inherit-size '><h1 class='av-special-heading-tag '  itemprop=\"headline\"  >Vacances \u00e0 Lo\u00e8che-les-Bains<\/h1><div class='special-heading-border'><div class='special-heading-inner-border' ><\/div><\/div><\/div>\n<div  style='padding-bottom:30px; ' class='av-special-heading av-special-heading-h2  blockquote modern-quote modern-centered  avia-builder-el-2  el_after_av_heading  el_before_av_textblock  '><h2 class='av-special-heading-tag '  itemprop=\"headline\"  >Lo\u00e8che-les-Bains \u00e9t\u00e9 comme hiver<\/h2><div class='special-heading-border'><div class='special-heading-inner-border' ><\/div><\/div><\/div>\n<section class=\"av_textblock_section \"  itemscope=\"itemscope\" itemtype=\"https:\/\/schema.org\/CreativeWork\" ><div class='avia_textblock  '   itemprop=\"text\" ><p>Lo\u00e8che-les-Bains, c\u2019est 365 jours de vacances par an. \u00c9t\u00e9 comme hiver, par beau temps ou sous la pluie, Lo\u00e8che-les-Bains offre de nombreuses possibilit\u00e9s de se d\u00e9tendre, se reposer ou mener une vie d\u2019aventurier.<\/p>\n<p>Wellness, thermes, se balader \u00e0 pied ou \u00e0 v\u00e9lo au fil des saisons \u00e0 travers la montagne, explorer le domaine skiable ou se laisser tenter par une des nombreuses activit\u00e9s du centre sportif Sportarena: vous n\u2019avez que l\u2019embarras du choix\u2026 Venir \u00e0 Lo\u00e8che-les-Bains, c\u2019est \u00eatre certain de passer des vacances inoubliables.<\/p>\n<\/div><\/section>\n\n<\/div><\/div><\/main><!-- close content main element --><\/div><\/div><div id='av_section_2'  class='avia-section alternate_color avia-section-default avia-no-shadow  avia-bg-style-scroll  avia-builder-el-4  el_after_av_section  el_before_av_section   container_wrap fullsize' style='background-color: #620033;  '  ><div class='container' ><div class='template-page content  av-content-full alpha units'><div class='post-entry post-entry-type-page post-entry-1385'><div class='entry-content-wrapper clearfix'>\n<div  style='padding-bottom:0px; ' class='av-special-heading av-special-heading-h2  blockquote modern-quote modern-centered  avia-builder-el-5  avia-builder-el-no-sibling  '><h2 class='av-special-heading-tag '  itemprop=\"headline\"  >Vos vacances d\u2019\u00e9t\u00e9 \u00e0 Lo\u00e8che-les-Bains<\/h2><div class='special-heading-border'><div class='special-heading-inner-border' ><\/div><\/div><\/div>\n\n<\/div><\/div><\/div><!-- close content main div --><\/div><\/div><div id='av_section_3'  class='avia-section main_color avia-section-default avia-no-shadow  avia-bg-style-scroll  avia-builder-el-6  el_after_av_section  el_before_av_section   container_wrap fullsize' style=' '  ><div class='container' ><div class='template-page content  av-content-full alpha units'><div class='post-entry post-entry-type-page post-entry-1385'><div class='entry-content-wrapper clearfix'>\n<div class=\"flex_column av_one_full  flex_column_div av-zero-column-padding first  avia-builder-el-7  avia-builder-el-no-sibling  \" style='border-radius:0px; '><p><section class=\"av_textblock_section \"  itemscope=\"itemscope\" itemtype=\"https:\/\/schema.org\/CreativeWork\" ><div class='avia_textblock  '   itemprop=\"text\" ><div id=\"attachment_4682\" style=\"width: 1010px\" class=\"wp-caption aligncenter\"><img loading=\"lazy\" decoding=\"async\" aria-describedby=\"caption-attachment-4682\" class=\"size-full wp-image-4682\" src=\"https:\/\/www.heilquelle.ch\/v2\/wp-content\/uploads\/ferien-in-leukerbad.jpg\" alt=\"Choisissez l\u2019aventure en famille \u00e0 Lo\u00e8che-les-Bains!\" width=\"1000\" height=\"493\" srcset=\"https:\/\/www.heilquelle.ch\/v2\/wp-content\/uploads\/ferien-in-leukerbad.jpg 1000w, https:\/\/www.heilquelle.ch\/v2\/wp-content\/uploads\/ferien-in-leukerbad-225x111.jpg 225w, https:\/\/www.heilquelle.ch\/v2\/wp-content\/uploads\/ferien-in-leukerbad-768x379.jpg 768w, https:\/\/www.heilquelle.ch\/v2\/wp-content\/uploads\/ferien-in-leukerbad-705x348.jpg 705w, https:\/\/www.heilquelle.ch\/v2\/wp-content\/uploads\/ferien-in-leukerbad-450x222.jpg 450w\" sizes=\"auto, (max-width: 1000px) 100vw, 1000px\" \/><p id=\"caption-attachment-4682\" class=\"wp-caption-text\">Choisissez l\u2019aventure en famille \u00e0 Lo\u00e8che-les-Bains!<\/p><\/div>\n<\/div><\/section><br \/>\n<section class=\"av_textblock_section \"  itemscope=\"itemscope\" itemtype=\"https:\/\/schema.org\/CreativeWork\" ><div class='avia_textblock  '   itemprop=\"text\" ><p>L\u2019eau thermale naturelle de Lo\u00e8che-les-Bains ne tend pas qu\u2019\u00e0 embellir les gens: elle les aide \u00e0 se d\u00e9tendre, \u00e0 rester en forme et \u00e0 \u00eatre heureux. En dehors des thermes, vous pourrez d\u00e9couvrir un autre monde riche en \u00e9motions, l\u2019univers des Alpes valaisannes, avec ses vues \u00e0 couper le souffle et une forme de vie tr\u00e8s particuli\u00e8re.<\/p>\n<p>\u00c0 Lo\u00e8che-les-Bains, vous trouverez le chemin de randonn\u00e9e ou le parcours v\u00e9lo qui vous ressemble: un coin de paradis avec une vue exceptionnelle, un panorama exaltant, une faune et une flore incomparables, et que que vous n\u2019oublierez pas. Naturellement, vous pouvez terminer agr\u00e9ablement chaque journ\u00e9e de vacances par un d\u00e9tour dans les plus beaux bains thermaux de Suisse\u2026<\/p>\n<\/div><\/section><br \/>\n<section class=\"av_textblock_section \"  itemscope=\"itemscope\" itemtype=\"https:\/\/schema.org\/CreativeWork\" ><div class='avia_textblock  '  style='font-size:25px; '  itemprop=\"text\" ><p><strong>Pour retrouver plus d\u2019information<\/strong><br \/>\n<a href=\"http:\/\/www.leukerbad.ch\/\" target=\"_blank\" rel=\"noopener noreferrer\">www.leukerbad.ch<\/a><\/p>\n<\/div><\/section><\/p><\/div>\n\n<\/div><\/div><\/div><!-- close content main div --><\/div><\/div><div id='av_section_4'  class='avia-section main_color avia-section-default avia-no-shadow  avia-bg-style-scroll  avia-builder-el-11  el_after_av_section  el_before_av_section   container_wrap fullsize' style='background-color: #16758b;  '  ><div class='container' ><div class='template-page content  av-content-full alpha units'><div class='post-entry post-entry-type-page post-entry-1385'><div class='entry-content-wrapper clearfix'>\n<div  style='padding-bottom:0px; color:#ffffff;' class='av-special-heading av-special-heading-h2 custom-color-heading blockquote modern-quote modern-centered  avia-builder-el-12  avia-builder-el-no-sibling  '><h2 class='av-special-heading-tag '  itemprop=\"headline\"  >Vos vacances d\u2019hiver \u00e0 Lo\u00e8che-les-Bains<\/h2><div class='special-heading-border'><div class='special-heading-inner-border' style='border-color:#ffffff'><\/div><\/div><\/div>\n\n<\/div><\/div><\/div><!-- close content main div --><\/div><\/div><div id='av_section_5'  class='avia-section main_color avia-section-default avia-no-shadow  avia-bg-style-scroll  avia-builder-el-13  el_after_av_section  avia-builder-el-last   container_wrap fullsize' style=' '  ><div class='container' ><div class='template-page content  av-content-full alpha units'><div class='post-entry post-entry-type-page post-entry-1385'><div class='entry-content-wrapper clearfix'>\n<div class=\"flex_column av_one_full  flex_column_div av-zero-column-padding first  avia-builder-el-14  el_before_av_video  avia-builder-el-first  \" style='border-radius:0px; '><p><section class=\"av_textblock_section \"  itemscope=\"itemscope\" itemtype=\"https:\/\/schema.org\/CreativeWork\" ><div class='avia_textblock  '   itemprop=\"text\" ><div id=\"attachment_4690\" style=\"width: 1010px\" class=\"wp-caption aligncenter\"><img loading=\"lazy\" decoding=\"async\" aria-describedby=\"caption-attachment-4690\" class=\"size-full wp-image-4690\" src=\"https:\/\/www.heilquelle.ch\/v2\/wp-content\/uploads\/winterferien-in-leukerbad.jpg\" alt=\"D\u00e9couvrir la nature \u00e0 Lo\u00e8che-les-Bains et se sentir soi-m\u00eame.\" width=\"1000\" height=\"493\" srcset=\"https:\/\/www.heilquelle.ch\/v2\/wp-content\/uploads\/winterferien-in-leukerbad.jpg 1000w, https:\/\/www.heilquelle.ch\/v2\/wp-content\/uploads\/winterferien-in-leukerbad-225x111.jpg 225w, https:\/\/www.heilquelle.ch\/v2\/wp-content\/uploads\/winterferien-in-leukerbad-768x379.jpg 768w, https:\/\/www.heilquelle.ch\/v2\/wp-content\/uploads\/winterferien-in-leukerbad-705x348.jpg 705w, https:\/\/www.heilquelle.ch\/v2\/wp-content\/uploads\/winterferien-in-leukerbad-450x222.jpg 450w\" sizes=\"auto, (max-width: 1000px) 100vw, 1000px\" \/><p id=\"caption-attachment-4690\" class=\"wp-caption-text\">D\u00e9couvrir la nature \u00e0 Lo\u00e8che-les-Bains et se sentir soi-m\u00eame.<\/p><\/div>\n<\/div><\/section><br \/>\n<section class=\"av_textblock_section \"  itemscope=\"itemscope\" itemtype=\"https:\/\/schema.org\/CreativeWork\" ><div class='avia_textblock  '   itemprop=\"text\" ><p>Empreints de f\u00e9\u00e9rie, les paysages enneig\u00e9s de Lo\u00e8che-les-Bains vous font oublier le quotidien, m\u00eame les jours les plus froids. Avec 40 kilom\u00e8tres de sentiers de randonn\u00e9e balis\u00e9s et bien pr\u00e9par\u00e9s sur les domaines du Torrent et de la Gemmi, Lo\u00e8che-les-Bains est un v\u00e9ritable paradis pour la pratique de la marche et de la raquette. L\u2019h\u00f4tel Heilquelle est le point de d\u00e9part de nombreuses promenades \u00e0 travers ces paysages d\u2019hiver absolument uniques.<\/p>\n<p>Les skieurs et snowboarders peuvent utiliser deux remonte-pentes situ\u00e9s dans le village m\u00eame ou prendre la grande t\u00e9l\u00e9cabine pour rejoindre le domaine du Torrent. Ils y trouveront de nombreuses possibilit\u00e9s de profiter la nature et de s\u2019adonner \u00e0 leur sport pr\u00e9f\u00e9r\u00e9 dans le snowpark ou sur les 50 km de pistes, utilis\u00e9s en partie pour les championnats du monde de ski.<\/p>\n<p>Sans oublier les centres thermaux, ouverts \u00e9t\u00e9 comme hiver&#8230;<\/p>\n<\/div><\/section><\/p><\/div><div  class='avia-video avia-video-16-9   av-lazyload-immediate  av-lazyload-video-embed  '   itemprop=\"video\" itemtype=\"https:\/\/schema.org\/VideoObject\"  data-original_url='https:\/\/www.youtube.com\/embed\/Nqg8fNuKCQ4?rel=0' ><script type='text\/html' class='av-video-tmpl'>https:\/\/youtube.com\/watch?v=Nqg8fNuKCQ4%3Frel%3D0<\/script><div class='av-click-to-play-overlay'><div class=\"avia_playpause_icon\"><\/div><\/div><\/div>\n<section class=\"av_textblock_section \"  itemscope=\"itemscope\" itemtype=\"https:\/\/schema.org\/CreativeWork\" ><div class='avia_textblock  '  style='font-size:25px; '  itemprop=\"text\" ><p><strong>Pour retrouver plus d\u2019information<\/strong><br \/>\n<a href=\"http:\/\/www.leukerbad.ch\/\" target=\"_blank\" rel=\"noopener noreferrer\">www.leukerbad.ch<\/a><\/p>\n<\/div><\/section>\n\n","protected":false},"excerpt":{"rendered":"","protected":false},"author":2,"featured_media":0,"parent":0,"menu_order":39,"comment_status":"closed","ping_status":"closed","template":"","meta":{"footnotes":""},"class_list":["post-1385","page","type-page","status-publish","hentry"],"yoast_head":"<!-- This site is optimized with the Yoast SEO plugin v27.6 - https:\/\/yoast.com\/product\/yoast-seo-wordpress\/ -->\n<title>Lo\u00e8che-des-Bains - votre adresse de vacances en Valais<\/title>\n<meta name=\"description\" content=\"Vacances \u00e0 Lo\u00e9che-les-Bains: Lo\u00e8che-les-Bains propose des vacances actives et des moments de d\u00e9tente aux bains thermaux en Valais.\" \/>\n<meta name=\"robots\" content=\"index, follow, max-snippet:-1, max-image-preview:large, max-video-preview:-1\" \/>\n<link rel=\"canonical\" href=\"https:\/\/www.heilquelle.ch\/fr\/vacances-loeche-les-bains\/\" \/>\n<meta name=\"twitter:label1\" content=\"Dur\u00e9e de lecture estim\u00e9e\" \/>\n\t<meta name=\"twitter:data1\" content=\"7 minutes\" \/>\n<script type=\"application\/ld+json\" class=\"yoast-schema-graph\">{\"@context\":\"https:\\\/\\\/schema.org\",\"@graph\":[{\"@type\":\"WebPage\",\"@id\":\"https:\\\/\\\/www.heilquelle.ch\\\/fr\\\/vacances-loeche-les-bains\\\/\",\"url\":\"https:\\\/\\\/www.heilquelle.ch\\\/fr\\\/vacances-loeche-les-bains\\\/\",\"name\":\"Lo\u00e8che-des-Bains - votre adresse de vacances en Valais\",\"isPartOf\":{\"@id\":\"https:\\\/\\\/www.heilquelle.ch\\\/fr\\\/#website\"},\"primaryImageOfPage\":{\"@id\":\"https:\\\/\\\/www.heilquelle.ch\\\/fr\\\/vacances-loeche-les-bains\\\/#primaryimage\"},\"image\":{\"@id\":\"https:\\\/\\\/www.heilquelle.ch\\\/fr\\\/vacances-loeche-les-bains\\\/#primaryimage\"},\"thumbnailUrl\":\"https:\\\/\\\/www.heilquelle.ch\\\/v2\\\/wp-content\\\/uploads\\\/ferien-in-leukerbad.jpg\",\"datePublished\":\"2013-12-08T11:15:38+00:00\",\"dateModified\":\"2019-12-23T12:03:00+00:00\",\"description\":\"Vacances \u00e0 Lo\u00e9che-les-Bains: Lo\u00e8che-les-Bains propose des vacances actives et des moments de d\u00e9tente aux bains thermaux en Valais.\",\"inLanguage\":\"fr-FR\",\"potentialAction\":[{\"@type\":\"ReadAction\",\"target\":[\"https:\\\/\\\/www.heilquelle.ch\\\/fr\\\/vacances-loeche-les-bains\\\/\"]}]},{\"@type\":\"ImageObject\",\"inLanguage\":\"fr-FR\",\"@id\":\"https:\\\/\\\/www.heilquelle.ch\\\/fr\\\/vacances-loeche-les-bains\\\/#primaryimage\",\"url\":\"https:\\\/\\\/www.heilquelle.ch\\\/v2\\\/wp-content\\\/uploads\\\/ferien-in-leukerbad.jpg\",\"contentUrl\":\"https:\\\/\\\/www.heilquelle.ch\\\/v2\\\/wp-content\\\/uploads\\\/ferien-in-leukerbad.jpg\"},{\"@type\":\"WebSite\",\"@id\":\"https:\\\/\\\/www.heilquelle.ch\\\/fr\\\/#website\",\"url\":\"https:\\\/\\\/www.heilquelle.ch\\\/fr\\\/\",\"name\":\"Hotel Restaurant Heilquelle Leukerbad\",\"description\":\"Gastfreundschaft in Leukerbad\",\"publisher\":{\"@id\":\"https:\\\/\\\/www.heilquelle.ch\\\/fr\\\/#organization\"},\"potentialAction\":[{\"@type\":\"SearchAction\",\"target\":{\"@type\":\"EntryPoint\",\"urlTemplate\":\"https:\\\/\\\/www.heilquelle.ch\\\/fr\\\/?s={search_term_string}\"},\"query-input\":{\"@type\":\"PropertyValueSpecification\",\"valueRequired\":true,\"valueName\":\"search_term_string\"}}],\"inLanguage\":\"fr-FR\"},{\"@type\":\"Organization\",\"@id\":\"https:\\\/\\\/www.heilquelle.ch\\\/fr\\\/#organization\",\"name\":\"Hotel Restaurant Heilquelle Leukerbad\",\"url\":\"https:\\\/\\\/www.heilquelle.ch\\\/fr\\\/\",\"logo\":{\"@type\":\"ImageObject\",\"inLanguage\":\"fr-FR\",\"@id\":\"https:\\\/\\\/www.heilquelle.ch\\\/fr\\\/#\\\/schema\\\/logo\\\/image\\\/\",\"url\":\"https:\\\/\\\/www.heilquelle.ch\\\/v2\\\/wp-content\\\/uploads\\\/logo-hotel-heilquelle-leukerbad-footer-fr.png\",\"contentUrl\":\"https:\\\/\\\/www.heilquelle.ch\\\/v2\\\/wp-content\\\/uploads\\\/logo-hotel-heilquelle-leukerbad-footer-fr.png\",\"width\":566,\"height\":160,\"caption\":\"Hotel Restaurant Heilquelle Leukerbad\"},\"image\":{\"@id\":\"https:\\\/\\\/www.heilquelle.ch\\\/fr\\\/#\\\/schema\\\/logo\\\/image\\\/\"}}]}<\/script>\n<!-- \/ Yoast SEO plugin. -->","yoast_head_json":{"title":"Lo\u00e8che-des-Bains - votre adresse de vacances en Valais","description":"Vacances \u00e0 Lo\u00e9che-les-Bains: Lo\u00e8che-les-Bains propose des vacances actives et des moments de d\u00e9tente aux bains thermaux en Valais.","robots":{"index":"index","follow":"follow","max-snippet":"max-snippet:-1","max-image-preview":"max-image-preview:large","max-video-preview":"max-video-preview:-1"},"canonical":"https:\/\/www.heilquelle.ch\/fr\/vacances-loeche-les-bains\/","twitter_misc":{"Dur\u00e9e de lecture estim\u00e9e":"7 minutes"},"schema":{"@context":"https:\/\/schema.org","@graph":[{"@type":"WebPage","@id":"https:\/\/www.heilquelle.ch\/fr\/vacances-loeche-les-bains\/","url":"https:\/\/www.heilquelle.ch\/fr\/vacances-loeche-les-bains\/","name":"Lo\u00e8che-des-Bains - votre adresse de vacances en Valais","isPartOf":{"@id":"https:\/\/www.heilquelle.ch\/fr\/#website"},"primaryImageOfPage":{"@id":"https:\/\/www.heilquelle.ch\/fr\/vacances-loeche-les-bains\/#primaryimage"},"image":{"@id":"https:\/\/www.heilquelle.ch\/fr\/vacances-loeche-les-bains\/#primaryimage"},"thumbnailUrl":"https:\/\/www.heilquelle.ch\/v2\/wp-content\/uploads\/ferien-in-leukerbad.jpg","datePublished":"2013-12-08T11:15:38+00:00","dateModified":"2019-12-23T12:03:00+00:00","description":"Vacances \u00e0 Lo\u00e9che-les-Bains: Lo\u00e8che-les-Bains propose des vacances actives et des moments de d\u00e9tente aux bains thermaux en Valais.","inLanguage":"fr-FR","potentialAction":[{"@type":"ReadAction","target":["https:\/\/www.heilquelle.ch\/fr\/vacances-loeche-les-bains\/"]}]},{"@type":"ImageObject","inLanguage":"fr-FR","@id":"https:\/\/www.heilquelle.ch\/fr\/vacances-loeche-les-bains\/#primaryimage","url":"https:\/\/www.heilquelle.ch\/v2\/wp-content\/uploads\/ferien-in-leukerbad.jpg","contentUrl":"https:\/\/www.heilquelle.ch\/v2\/wp-content\/uploads\/ferien-in-leukerbad.jpg"},{"@type":"WebSite","@id":"https:\/\/www.heilquelle.ch\/fr\/#website","url":"https:\/\/www.heilquelle.ch\/fr\/","name":"Hotel Restaurant Heilquelle Leukerbad","description":"Gastfreundschaft in Leukerbad","publisher":{"@id":"https:\/\/www.heilquelle.ch\/fr\/#organization"},"potentialAction":[{"@type":"SearchAction","target":{"@type":"EntryPoint","urlTemplate":"https:\/\/www.heilquelle.ch\/fr\/?s={search_term_string}"},"query-input":{"@type":"PropertyValueSpecification","valueRequired":true,"valueName":"search_term_string"}}],"inLanguage":"fr-FR"},{"@type":"Organization","@id":"https:\/\/www.heilquelle.ch\/fr\/#organization","name":"Hotel Restaurant Heilquelle Leukerbad","url":"https:\/\/www.heilquelle.ch\/fr\/","logo":{"@type":"ImageObject","inLanguage":"fr-FR","@id":"https:\/\/www.heilquelle.ch\/fr\/#\/schema\/logo\/image\/","url":"https:\/\/www.heilquelle.ch\/v2\/wp-content\/uploads\/logo-hotel-heilquelle-leukerbad-footer-fr.png","contentUrl":"https:\/\/www.heilquelle.ch\/v2\/wp-content\/uploads\/logo-hotel-heilquelle-leukerbad-footer-fr.png","width":566,"height":160,"caption":"Hotel Restaurant Heilquelle Leukerbad"},"image":{"@id":"https:\/\/www.heilquelle.ch\/fr\/#\/schema\/logo\/image\/"}}]}},"publishpress_future_action":{"enabled":false,"date":"2026-05-22 16:55:56","action":"change-status","newStatus":"draft","terms":[],"taxonomy":"translation_priority","extraData":[]},"publishpress_future_workflow_manual_trigger":{"enabledWorkflows":[]},"_links":{"self":[{"href":"https:\/\/www.heilquelle.ch\/fr\/wp-json\/wp\/v2\/pages\/1385","targetHints":{"allow":["GET"]}}],"collection":[{"href":"https:\/\/www.heilquelle.ch\/fr\/wp-json\/wp\/v2\/pages"}],"about":[{"href":"https:\/\/www.heilquelle.ch\/fr\/wp-json\/wp\/v2\/types\/page"}],"author":[{"embeddable":true,"href":"https:\/\/www.heilquelle.ch\/fr\/wp-json\/wp\/v2\/users\/2"}],"replies":[{"embeddable":true,"href":"https:\/\/www.heilquelle.ch\/fr\/wp-json\/wp\/v2\/comments?post=1385"}],"version-history":[{"count":3,"href":"https:\/\/www.heilquelle.ch\/fr\/wp-json\/wp\/v2\/pages\/1385\/revisions"}],"predecessor-version":[{"id":7814,"href":"https:\/\/www.heilquelle.ch\/fr\/wp-json\/wp\/v2\/pages\/1385\/revisions\/7814"}],"wp:attachment":[{"href":"https:\/\/www.heilquelle.ch\/fr\/wp-json\/wp\/v2\/media?parent=1385"}],"curies":[{"name":"wp","href":"https:\/\/api.w.org\/{rel}","templated":true}]}}