{"id":4527,"date":"2017-07-05T08:45:30","date_gmt":"2017-07-05T06:45:30","guid":{"rendered":"https:\/\/www.heilquelle.ch\/?page_id=4527\/"},"modified":"2025-07-11T19:08:21","modified_gmt":"2025-07-11T17:08:21","slug":"offres-forfaitaires-forfaits-loeche-les-bains","status":"publish","type":"page","link":"https:\/\/www.heilquelle.ch\/fr\/offres-forfaitaires-forfaits-loeche-les-bains\/","title":{"rendered":"Offres forfaitaires Forfaits Lo\u00e8che-les-bains"},"content":{"rendered":"<div id='av_section_1'  class='avia-section main_color avia-section-default avia-no-shadow  avia-bg-style-scroll  avia-builder-el-0  el_before_av_textblock  avia-builder-el-first   container_wrap fullsize' style=' '  ><div class='container' ><main  role=\"main\" itemprop=\"mainContentOfPage\"  class='template-page content  av-content-full alpha units'><div class='post-entry post-entry-type-page post-entry-4527'><div class='entry-content-wrapper clearfix'>\n<div  style='padding-bottom:0px; font-size:50px;' class='av-special-heading av-special-heading-h1  blockquote modern-quote modern-centered  avia-builder-el-1  el_before_av_textblock  avia-builder-el-first  av-inherit-size '><h1 class='av-special-heading-tag '  itemprop=\"headline\"  >Forfaits Lo\u00e8che-les-Bains<\/h1><div class='special-heading-border'><div class='special-heading-inner-border' ><\/div><\/div><\/div>\n<section class=\"av_textblock_section \"  itemscope=\"itemscope\" itemtype=\"https:\/\/schema.org\/CreativeWork\" ><div class='avia_textblock  '  style='font-size:20px; '  itemprop=\"text\" ><p style=\"text-align: center;\">Destination pionni\u00e8re, Lo\u00e8che-les-Bains est la plus grande station thermale des Alpes et abrite les plus grands complexes d\u2019infrastructures wellness de Suisse. R\u00e9servez votre forfait \u00e0 l\u2019h\u00f4tel Heilquelle \u00e0 Lo\u00e8che-les-Bains.<\/p>\n<\/div><\/section>\n\n<\/div><\/div><\/main><!-- close content main element --><\/div><\/div><div id='after_section_1'  class='main_color av_default_container_wrap container_wrap fullsize' style=' '  ><div class='container' ><div class='template-page content  av-content-full alpha units'><div class='post-entry post-entry-type-page post-entry-4527'><div class='entry-content-wrapper clearfix'><section class=\"av_textblock_section \"  itemscope=\"itemscope\" itemtype=\"https:\/\/schema.org\/CreativeWork\" ><div class='avia_textblock  '   itemprop=\"text\" ><p>Lo\u00e8che-les-Bains, la plus grande station thermale des Alpes, abrite les plus beaux bains thermaux et les plus grands complexes d\u2019infrastructures wellness de Suisse. Les quatre bains thermaux publics ainsi que les nombreux bains priv\u00e9s offrent des exp\u00e9riences thermales adapt\u00e9es \u00e0 tous les go\u00fbts et tous les budgets.<\/p>\n<p>Promenez-vous \u00e0 travers les imposants paysages de montagne et d\u00e9couvrez quelques-unes des plus belles balades en Suisse, \u00e9t\u00e9 comme hiver. Amateurs de sports d\u2019hiver, vous trouverez des conditions de neige optimales pour vous faire plaisir sur les pistes du domaine skiable du Torrent et de la Gemmi, jusqu\u2019au printemps. \u00c0 Lo\u00e8che-les-Bains, vous pouvez \u00e9galement faire du v\u00e9lo, du parapente, d\u00e9fier la via ferrata la plus longue de Suisse et profiter des nombreuses installations sportives de la Sportarena.<\/p>\n<\/div><\/section><\/p>\n","protected":false},"excerpt":{"rendered":"","protected":false},"author":2,"featured_media":0,"parent":0,"menu_order":11,"comment_status":"closed","ping_status":"closed","template":"","meta":{"footnotes":""},"class_list":["post-4527","page","type-page","status-publish","hentry"],"yoast_head":"<!-- This site is optimized with the Yoast SEO plugin v27.4 - https:\/\/yoast.com\/product\/yoast-seo-wordpress\/ -->\n<title>Offres fortfaitaires \u00e0 Lo\u00e8che-les-Bains - H\u00f4tel Heilquelle<\/title>\n<meta name=\"description\" content=\"Offres forfaitaires, y compris Leukerbad Therme: Trouvez votre offre appropri\u00e9e \u00e0 l&#039;h\u00f4tel Heilquelle: Profitez de 3-7 nuits \u00e0 Lo\u00e8che-les-Bains.\" \/>\n<meta name=\"robots\" content=\"index, follow, max-snippet:-1, max-image-preview:large, max-video-preview:-1\" \/>\n<link rel=\"canonical\" href=\"https:\/\/www.heilquelle.ch\/fr\/offres-forfaitaires-forfaits-loeche-les-bains\/\" \/>\n<meta name=\"twitter:label1\" content=\"Dur\u00e9e de lecture estim\u00e9e\" \/>\n\t<meta name=\"twitter:data1\" content=\"2 minutes\" \/>\n<script type=\"application\/ld+json\" class=\"yoast-schema-graph\">{\"@context\":\"https:\\\/\\\/schema.org\",\"@graph\":[{\"@type\":\"WebPage\",\"@id\":\"https:\\\/\\\/www.heilquelle.ch\\\/fr\\\/offres-forfaitaires-forfaits-loeche-les-bains\\\/\",\"url\":\"https:\\\/\\\/www.heilquelle.ch\\\/fr\\\/offres-forfaitaires-forfaits-loeche-les-bains\\\/\",\"name\":\"Offres fortfaitaires \u00e0 Lo\u00e8che-les-Bains - H\u00f4tel Heilquelle\",\"isPartOf\":{\"@id\":\"https:\\\/\\\/www.heilquelle.ch\\\/fr\\\/#website\"},\"datePublished\":\"2017-07-05T06:45:30+00:00\",\"dateModified\":\"2025-07-11T17:08:21+00:00\",\"description\":\"Offres forfaitaires, y compris Leukerbad Therme: Trouvez votre offre appropri\u00e9e \u00e0 l'h\u00f4tel Heilquelle: Profitez de 3-7 nuits \u00e0 Lo\u00e8che-les-Bains.\",\"inLanguage\":\"fr-FR\",\"potentialAction\":[{\"@type\":\"ReadAction\",\"target\":[\"https:\\\/\\\/www.heilquelle.ch\\\/fr\\\/offres-forfaitaires-forfaits-loeche-les-bains\\\/\"]}]},{\"@type\":\"WebSite\",\"@id\":\"https:\\\/\\\/www.heilquelle.ch\\\/fr\\\/#website\",\"url\":\"https:\\\/\\\/www.heilquelle.ch\\\/fr\\\/\",\"name\":\"Hotel Restaurant Heilquelle Leukerbad\",\"description\":\"Gastfreundschaft in Leukerbad\",\"publisher\":{\"@id\":\"https:\\\/\\\/www.heilquelle.ch\\\/fr\\\/#organization\"},\"potentialAction\":[{\"@type\":\"SearchAction\",\"target\":{\"@type\":\"EntryPoint\",\"urlTemplate\":\"https:\\\/\\\/www.heilquelle.ch\\\/fr\\\/?s={search_term_string}\"},\"query-input\":{\"@type\":\"PropertyValueSpecification\",\"valueRequired\":true,\"valueName\":\"search_term_string\"}}],\"inLanguage\":\"fr-FR\"},{\"@type\":\"Organization\",\"@id\":\"https:\\\/\\\/www.heilquelle.ch\\\/fr\\\/#organization\",\"name\":\"Hotel Restaurant Heilquelle Leukerbad\",\"url\":\"https:\\\/\\\/www.heilquelle.ch\\\/fr\\\/\",\"logo\":{\"@type\":\"ImageObject\",\"inLanguage\":\"fr-FR\",\"@id\":\"https:\\\/\\\/www.heilquelle.ch\\\/fr\\\/#\\\/schema\\\/logo\\\/image\\\/\",\"url\":\"https:\\\/\\\/www.heilquelle.ch\\\/v2\\\/wp-content\\\/uploads\\\/logo-hotel-heilquelle-leukerbad-footer-fr.png\",\"contentUrl\":\"https:\\\/\\\/www.heilquelle.ch\\\/v2\\\/wp-content\\\/uploads\\\/logo-hotel-heilquelle-leukerbad-footer-fr.png\",\"width\":566,\"height\":160,\"caption\":\"Hotel Restaurant Heilquelle Leukerbad\"},\"image\":{\"@id\":\"https:\\\/\\\/www.heilquelle.ch\\\/fr\\\/#\\\/schema\\\/logo\\\/image\\\/\"}}]}<\/script>\n<!-- \/ Yoast SEO plugin. -->","yoast_head_json":{"title":"Offres fortfaitaires \u00e0 Lo\u00e8che-les-Bains - H\u00f4tel Heilquelle","description":"Offres forfaitaires, y compris Leukerbad Therme: Trouvez votre offre appropri\u00e9e \u00e0 l'h\u00f4tel Heilquelle: Profitez de 3-7 nuits \u00e0 Lo\u00e8che-les-Bains.","robots":{"index":"index","follow":"follow","max-snippet":"max-snippet:-1","max-image-preview":"max-image-preview:large","max-video-preview":"max-video-preview:-1"},"canonical":"https:\/\/www.heilquelle.ch\/fr\/offres-forfaitaires-forfaits-loeche-les-bains\/","twitter_misc":{"Dur\u00e9e de lecture estim\u00e9e":"2 minutes"},"schema":{"@context":"https:\/\/schema.org","@graph":[{"@type":"WebPage","@id":"https:\/\/www.heilquelle.ch\/fr\/offres-forfaitaires-forfaits-loeche-les-bains\/","url":"https:\/\/www.heilquelle.ch\/fr\/offres-forfaitaires-forfaits-loeche-les-bains\/","name":"Offres fortfaitaires \u00e0 Lo\u00e8che-les-Bains - H\u00f4tel Heilquelle","isPartOf":{"@id":"https:\/\/www.heilquelle.ch\/fr\/#website"},"datePublished":"2017-07-05T06:45:30+00:00","dateModified":"2025-07-11T17:08:21+00:00","description":"Offres forfaitaires, y compris Leukerbad Therme: Trouvez votre offre appropri\u00e9e \u00e0 l'h\u00f4tel Heilquelle: Profitez de 3-7 nuits \u00e0 Lo\u00e8che-les-Bains.","inLanguage":"fr-FR","potentialAction":[{"@type":"ReadAction","target":["https:\/\/www.heilquelle.ch\/fr\/offres-forfaitaires-forfaits-loeche-les-bains\/"]}]},{"@type":"WebSite","@id":"https:\/\/www.heilquelle.ch\/fr\/#website","url":"https:\/\/www.heilquelle.ch\/fr\/","name":"Hotel Restaurant Heilquelle Leukerbad","description":"Gastfreundschaft in Leukerbad","publisher":{"@id":"https:\/\/www.heilquelle.ch\/fr\/#organization"},"potentialAction":[{"@type":"SearchAction","target":{"@type":"EntryPoint","urlTemplate":"https:\/\/www.heilquelle.ch\/fr\/?s={search_term_string}"},"query-input":{"@type":"PropertyValueSpecification","valueRequired":true,"valueName":"search_term_string"}}],"inLanguage":"fr-FR"},{"@type":"Organization","@id":"https:\/\/www.heilquelle.ch\/fr\/#organization","name":"Hotel Restaurant Heilquelle Leukerbad","url":"https:\/\/www.heilquelle.ch\/fr\/","logo":{"@type":"ImageObject","inLanguage":"fr-FR","@id":"https:\/\/www.heilquelle.ch\/fr\/#\/schema\/logo\/image\/","url":"https:\/\/www.heilquelle.ch\/v2\/wp-content\/uploads\/logo-hotel-heilquelle-leukerbad-footer-fr.png","contentUrl":"https:\/\/www.heilquelle.ch\/v2\/wp-content\/uploads\/logo-hotel-heilquelle-leukerbad-footer-fr.png","width":566,"height":160,"caption":"Hotel Restaurant Heilquelle Leukerbad"},"image":{"@id":"https:\/\/www.heilquelle.ch\/fr\/#\/schema\/logo\/image\/"}}]}},"publishpress_future_action":{"enabled":false,"date":"2026-04-28 13:00:25","action":"change-status","newStatus":"draft","terms":[],"taxonomy":"translation_priority","extraData":[]},"publishpress_future_workflow_manual_trigger":{"enabledWorkflows":[]},"_links":{"self":[{"href":"https:\/\/www.heilquelle.ch\/fr\/wp-json\/wp\/v2\/pages\/4527","targetHints":{"allow":["GET"]}}],"collection":[{"href":"https:\/\/www.heilquelle.ch\/fr\/wp-json\/wp\/v2\/pages"}],"about":[{"href":"https:\/\/www.heilquelle.ch\/fr\/wp-json\/wp\/v2\/types\/page"}],"author":[{"embeddable":true,"href":"https:\/\/www.heilquelle.ch\/fr\/wp-json\/wp\/v2\/users\/2"}],"replies":[{"embeddable":true,"href":"https:\/\/www.heilquelle.ch\/fr\/wp-json\/wp\/v2\/comments?post=4527"}],"version-history":[{"count":8,"href":"https:\/\/www.heilquelle.ch\/fr\/wp-json\/wp\/v2\/pages\/4527\/revisions"}],"predecessor-version":[{"id":9182,"href":"https:\/\/www.heilquelle.ch\/fr\/wp-json\/wp\/v2\/pages\/4527\/revisions\/9182"}],"wp:attachment":[{"href":"https:\/\/www.heilquelle.ch\/fr\/wp-json\/wp\/v2\/media?parent=4527"}],"curies":[{"name":"wp","href":"https:\/\/api.w.org\/{rel}","templated":true}]}}