{"id":5316,"date":"2017-07-30T18:12:50","date_gmt":"2017-07-30T16:12:50","guid":{"rendered":"https:\/\/www.heilquelle.ch\/?page_id=5316\/"},"modified":"2024-04-07T10:02:19","modified_gmt":"2024-04-07T08:02:19","slug":"situation-et-plan-dacces","status":"publish","type":"page","link":"https:\/\/www.heilquelle.ch\/fr\/situation-et-plan-dacces\/","title":{"rendered":"Situation et plan d\u2019acc\u00e8s"},"content":{"rendered":"<div id='av_section_1'  class='avia-section main_color avia-section-default avia-no-shadow  avia-bg-style-scroll  avia-builder-el-0  el_before_av_section  avia-builder-el-first   container_wrap fullsize' style=' '  ><div class='container' ><main  role=\"main\" itemprop=\"mainContentOfPage\"  class='template-page content  av-content-full alpha units'><div class='post-entry post-entry-type-page post-entry-5316'><div class='entry-content-wrapper clearfix'>\n<div  style='padding-bottom:20px; font-size:50px;' class='av-special-heading av-special-heading-h1  blockquote modern-quote modern-centered  avia-builder-el-1  avia-builder-el-no-sibling  av-inherit-size '><h1 class='av-special-heading-tag '  itemprop=\"headline\"  >Situation et plan d\u2019acc\u00e8s<\/h1><div class='special-heading-border'><div class='special-heading-inner-border' ><\/div><\/div><\/div>\n\n<\/div><\/div><\/main><!-- close content main element --><\/div><\/div><div id='av_section_2'  class='avia-section alternate_color avia-section-default avia-no-shadow  avia-bg-style-scroll  avia-builder-el-2  el_after_av_section  el_before_av_layout_row   container_wrap fullsize' style=' '  ><div class='container' ><div class='template-page content  av-content-full alpha units'><div class='post-entry post-entry-type-page post-entry-5316'><div class='entry-content-wrapper clearfix'>\n<article  class=\"iconbox iconbox_left_content    avia-builder-el-3  avia-builder-el-no-sibling  \"  itemscope=\"itemscope\" itemtype=\"https:\/\/schema.org\/CreativeWork\" ><div class=\"iconbox_icon heading-color\" aria-hidden='true' data-av_icon='\ue81f' data-av_iconfont='entypo-fontello'  style='border:1px solid #ffffff; color:#ffffff; ' ><\/div><div class=\"iconbox_content\"><header class=\"entry-content-header\"><h3 class='iconbox_content_title  '  itemprop=\"headline\"   style='color:#ffffff; '>Pour nous trouver...<\/h3><\/header><div class='iconbox_content_container av_inherit_color '  itemprop=\"text\"   style='color:#ffffff; '><p>Id\u00e9alement situ\u00e9 au centre du village, Thermenstrasse 7, face \u00e0 la gare routi\u00e8re, \u00e0 l\u2019office de tourisme et au bureau de poste, l\u2019h\u00f4tel Heilquelle est un \u00e9tablissement tr\u00e8s calme. Les thermes et complexes wellness sont \u00e0 quelques minutes \u00e0 pied de l\u2019h\u00f4tel. Un bus vous conduit en 3 \u00e0 4 minutes au d\u00e9part du t\u00e9l\u00e9ph\u00e9rique de la Gemmi et du Torrentbahn. Compter environ 10 minutes \u00e0 pied.<\/p>\n<\/div><\/div><footer class=\"entry-footer\"><\/footer><\/article>\n<\/div><\/div><\/div><!-- close content main div --><\/div><\/div><div id='av-layout-grid-1'  class='av-layout-grid-container entry-content-wrapper socket_color av-flex-cells     avia-builder-el-4  el_after_av_section  el_before_av_section  submenu-not-first container_wrap fullsize' style=' '  >\n<div class=\"flex_cell no_margin av_one_full  avia-builder-el-5  avia-builder-el-no-sibling   av-zero-padding \"  style='vertical-align:top; padding:0px; ' ><div class='flex_cell_inner' ><div  class='avia-image-container  av-styling-  noHover  av-overlay-on-hover   avia-builder-el-6  avia-builder-el-no-sibling  avia-align-center '  itemprop=\"image\" itemscope=\"itemscope\" itemtype=\"https:\/\/schema.org\/ImageObject\"  ><div class='avia-image-container-inner'><div class='avia-image-overlay-wrap'><a href=\"https:\/\/www.google.com\/maps\/dir\/47.140864,7.409664\/Rathausstrasse+7,+3954+Leukerbad\/@46.3794671,7.6257927,19z\/data=!4m10!4m9!1m1!4e1!1m5!1m1!1s0x478f1b084d730f63:0x2126156581f906b!2m2!1d7.6272214!2d46.3794582!3e0\" class='avia_image' target=\"_blank\" rel=\"noopener noreferrer\"><div class='av-image-caption-overlay'><div class='av-caption-image-overlay-bg' style='opacity:0.8; background-color:#620033; '><\/div><div class='av-image-caption-overlay-position'><div class='av-image-caption-overlay-center' style='color:#ffffff; '><p>au planificateur d&rsquo;itin\u00e9raire&#8230;<\/p>\n<\/div><\/div><\/div><img decoding=\"async\" width=\"1310\" height=\"800\" class='wp-image-7930 avia-img-lazy-loading-not-7930 avia_image' src=\"https:\/\/www.heilquelle.ch\/v2\/wp-content\/uploads\/lage-anreise-map-1310x800-1.jpg\" alt='Hotel Heilquelle Leukerbad - Routenplaner' title='lage-anreise-map-1310x800'  itemprop=\"thumbnailUrl\" srcset=\"https:\/\/www.heilquelle.ch\/v2\/wp-content\/uploads\/lage-anreise-map-1310x800-1.jpg 1310w, https:\/\/www.heilquelle.ch\/v2\/wp-content\/uploads\/lage-anreise-map-1310x800-1-225x137.jpg 225w, https:\/\/www.heilquelle.ch\/v2\/wp-content\/uploads\/lage-anreise-map-1310x800-1-1030x629.jpg 1030w, https:\/\/www.heilquelle.ch\/v2\/wp-content\/uploads\/lage-anreise-map-1310x800-1-768x469.jpg 768w, https:\/\/www.heilquelle.ch\/v2\/wp-content\/uploads\/lage-anreise-map-1310x800-1-705x431.jpg 705w, https:\/\/www.heilquelle.ch\/v2\/wp-content\/uploads\/lage-anreise-map-1310x800-1-450x275.jpg 450w\" sizes=\"(max-width: 1310px) 100vw, 1310px\" \/><\/a><\/div><\/div><\/div>\n<\/div><\/div>\n<\/div><\/p>\n<div id='av_section_3'  class='avia-section main_color avia-section-default avia-no-shadow  avia-bg-style-scroll  avia-builder-el-7  el_after_av_layout_row  avia-builder-el-last   container_wrap fullsize' style=' '  ><div class='container' ><div class='template-page content  av-content-full alpha units'><div class='post-entry post-entry-type-page post-entry-5316'><div class='entry-content-wrapper clearfix'>\n<div class=\"flex_column av_one_full  flex_column_div av-zero-column-padding first  avia-builder-el-8  avia-builder-el-no-sibling  \" style='border-radius:0px; '><section class=\"av_textblock_section \"  itemscope=\"itemscope\" itemtype=\"https:\/\/schema.org\/CreativeWork\" ><div class='avia_textblock  '   itemprop=\"text\" ><h2>Se rendre \u00e0 Lo\u00e8che-les-Bains en voiture<\/h2>\n<ul>\n<li>Variante 1: Via Bern \u2192 Kandersteg \u2192 Goppenstein, puis Leuk \u2192 Susten \u2192 Lo\u00e8che-les-Bains.<\/li>\n<li>Variante 2: Via Vevey \u2192 Sion \u2192 Sierre (Autobahn), puis Leuk- Susten \u2192 Lo\u00e8che-les-Bains.<\/li>\n<li>Variante 3: Via Luzern \u2192 Realp \u2192 Oberwald \u2192 Brig \u2192 Vi\u00e8ge\u2192 Leuk &#8211; Susten \u2192 Lo\u00e8che-les-Bains.<\/li>\n<li><a href=\"https:\/\/map.search.ch\/index.fr.html?mode=car\">Carte\/Guide search.ch<\/a><\/li>\n<\/ul>\n<\/div><\/section><br \/>\n<section class=\"av_textblock_section \"  itemscope=\"itemscope\" itemtype=\"https:\/\/schema.org\/CreativeWork\" ><div class='avia_textblock  '   itemprop=\"text\" ><h2>Se rendre \u00e0 Lo\u00e8che-les-Bains en train<\/h2>\n<ul style=\"list-style-type: circle;\">\n<li>Il est facile de rejoindre Lo\u00e8che-les-Bains en train: via Vi\u00e8ge et Lo\u00e8che-Susten au d\u00e9part de Berne et via Sion et Lo\u00e8che-Susten au d\u00e9part de Lausanne. \u00c0 la gare de Lo\u00e8che-Susten, prenez une correspondance en bus jusqu\u2019\u00e0 Lo\u00e8che-les-Bains.<\/li>\n<li>Pensez \u00e9galement au Neat-express, qui vous fait rejoindre le Valais en un temps record par le tunnel du L\u00f6tschberg&#8230;<\/li>\n<li><a href=\"https:\/\/www.sbb.ch\/fr\/\" target=\"_blank\" rel=\"noopener\">Consulter les horaires des chemins de fer f\u00e9d\u00e9raux suisses<\/a>.<\/li>\n<\/ul>\n<\/div><\/section><\/p><\/div>\n\n","protected":false},"excerpt":{"rendered":"","protected":false},"author":2,"featured_media":0,"parent":0,"menu_order":43,"comment_status":"closed","ping_status":"closed","template":"","meta":{"footnotes":""},"class_list":["post-5316","page","type-page","status-publish","hentry"],"yoast_head":"<!-- This site is optimized with the Yoast SEO plugin v27.4 - https:\/\/yoast.com\/product\/yoast-seo-wordpress\/ -->\n<title>Situation et plan d\u2019acc\u00e8s - Hotel Restaurant Heilquelle Leukerbad<\/title>\n<meta name=\"robots\" content=\"index, follow, max-snippet:-1, max-image-preview:large, max-video-preview:-1\" \/>\n<link rel=\"canonical\" href=\"https:\/\/www.heilquelle.ch\/fr\/situation-et-plan-dacces\/\" \/>\n<meta name=\"twitter:label1\" content=\"Dur\u00e9e de lecture estim\u00e9e\" \/>\n\t<meta name=\"twitter:data1\" content=\"3 minutes\" \/>\n<script type=\"application\/ld+json\" class=\"yoast-schema-graph\">{\"@context\":\"https:\\\/\\\/schema.org\",\"@graph\":[{\"@type\":\"WebPage\",\"@id\":\"https:\\\/\\\/www.heilquelle.ch\\\/fr\\\/situation-et-plan-dacces\\\/\",\"url\":\"https:\\\/\\\/www.heilquelle.ch\\\/fr\\\/situation-et-plan-dacces\\\/\",\"name\":\"Situation et plan d\u2019acc\u00e8s - Hotel Restaurant Heilquelle Leukerbad\",\"isPartOf\":{\"@id\":\"https:\\\/\\\/www.heilquelle.ch\\\/fr\\\/#website\"},\"datePublished\":\"2017-07-30T16:12:50+00:00\",\"dateModified\":\"2024-04-07T08:02:19+00:00\",\"inLanguage\":\"fr-FR\",\"potentialAction\":[{\"@type\":\"ReadAction\",\"target\":[\"https:\\\/\\\/www.heilquelle.ch\\\/fr\\\/situation-et-plan-dacces\\\/\"]}]},{\"@type\":\"WebSite\",\"@id\":\"https:\\\/\\\/www.heilquelle.ch\\\/fr\\\/#website\",\"url\":\"https:\\\/\\\/www.heilquelle.ch\\\/fr\\\/\",\"name\":\"Hotel Restaurant Heilquelle Leukerbad\",\"description\":\"Gastfreundschaft in Leukerbad\",\"publisher\":{\"@id\":\"https:\\\/\\\/www.heilquelle.ch\\\/fr\\\/#organization\"},\"potentialAction\":[{\"@type\":\"SearchAction\",\"target\":{\"@type\":\"EntryPoint\",\"urlTemplate\":\"https:\\\/\\\/www.heilquelle.ch\\\/fr\\\/?s={search_term_string}\"},\"query-input\":{\"@type\":\"PropertyValueSpecification\",\"valueRequired\":true,\"valueName\":\"search_term_string\"}}],\"inLanguage\":\"fr-FR\"},{\"@type\":\"Organization\",\"@id\":\"https:\\\/\\\/www.heilquelle.ch\\\/fr\\\/#organization\",\"name\":\"Hotel Restaurant Heilquelle Leukerbad\",\"url\":\"https:\\\/\\\/www.heilquelle.ch\\\/fr\\\/\",\"logo\":{\"@type\":\"ImageObject\",\"inLanguage\":\"fr-FR\",\"@id\":\"https:\\\/\\\/www.heilquelle.ch\\\/fr\\\/#\\\/schema\\\/logo\\\/image\\\/\",\"url\":\"https:\\\/\\\/www.heilquelle.ch\\\/v2\\\/wp-content\\\/uploads\\\/logo-hotel-heilquelle-leukerbad-footer-fr.png\",\"contentUrl\":\"https:\\\/\\\/www.heilquelle.ch\\\/v2\\\/wp-content\\\/uploads\\\/logo-hotel-heilquelle-leukerbad-footer-fr.png\",\"width\":566,\"height\":160,\"caption\":\"Hotel Restaurant Heilquelle Leukerbad\"},\"image\":{\"@id\":\"https:\\\/\\\/www.heilquelle.ch\\\/fr\\\/#\\\/schema\\\/logo\\\/image\\\/\"}}]}<\/script>\n<!-- \/ Yoast SEO plugin. -->","yoast_head_json":{"title":"Situation et plan d\u2019acc\u00e8s - Hotel Restaurant Heilquelle Leukerbad","robots":{"index":"index","follow":"follow","max-snippet":"max-snippet:-1","max-image-preview":"max-image-preview:large","max-video-preview":"max-video-preview:-1"},"canonical":"https:\/\/www.heilquelle.ch\/fr\/situation-et-plan-dacces\/","twitter_misc":{"Dur\u00e9e de lecture estim\u00e9e":"3 minutes"},"schema":{"@context":"https:\/\/schema.org","@graph":[{"@type":"WebPage","@id":"https:\/\/www.heilquelle.ch\/fr\/situation-et-plan-dacces\/","url":"https:\/\/www.heilquelle.ch\/fr\/situation-et-plan-dacces\/","name":"Situation et plan d\u2019acc\u00e8s - Hotel Restaurant Heilquelle Leukerbad","isPartOf":{"@id":"https:\/\/www.heilquelle.ch\/fr\/#website"},"datePublished":"2017-07-30T16:12:50+00:00","dateModified":"2024-04-07T08:02:19+00:00","inLanguage":"fr-FR","potentialAction":[{"@type":"ReadAction","target":["https:\/\/www.heilquelle.ch\/fr\/situation-et-plan-dacces\/"]}]},{"@type":"WebSite","@id":"https:\/\/www.heilquelle.ch\/fr\/#website","url":"https:\/\/www.heilquelle.ch\/fr\/","name":"Hotel Restaurant Heilquelle Leukerbad","description":"Gastfreundschaft in Leukerbad","publisher":{"@id":"https:\/\/www.heilquelle.ch\/fr\/#organization"},"potentialAction":[{"@type":"SearchAction","target":{"@type":"EntryPoint","urlTemplate":"https:\/\/www.heilquelle.ch\/fr\/?s={search_term_string}"},"query-input":{"@type":"PropertyValueSpecification","valueRequired":true,"valueName":"search_term_string"}}],"inLanguage":"fr-FR"},{"@type":"Organization","@id":"https:\/\/www.heilquelle.ch\/fr\/#organization","name":"Hotel Restaurant Heilquelle Leukerbad","url":"https:\/\/www.heilquelle.ch\/fr\/","logo":{"@type":"ImageObject","inLanguage":"fr-FR","@id":"https:\/\/www.heilquelle.ch\/fr\/#\/schema\/logo\/image\/","url":"https:\/\/www.heilquelle.ch\/v2\/wp-content\/uploads\/logo-hotel-heilquelle-leukerbad-footer-fr.png","contentUrl":"https:\/\/www.heilquelle.ch\/v2\/wp-content\/uploads\/logo-hotel-heilquelle-leukerbad-footer-fr.png","width":566,"height":160,"caption":"Hotel Restaurant Heilquelle Leukerbad"},"image":{"@id":"https:\/\/www.heilquelle.ch\/fr\/#\/schema\/logo\/image\/"}}]}},"publishpress_future_action":{"enabled":false,"date":"2026-04-28 11:40:29","action":"change-status","newStatus":"draft","terms":[],"taxonomy":"translation_priority","extraData":[]},"publishpress_future_workflow_manual_trigger":{"enabledWorkflows":[]},"_links":{"self":[{"href":"https:\/\/www.heilquelle.ch\/fr\/wp-json\/wp\/v2\/pages\/5316","targetHints":{"allow":["GET"]}}],"collection":[{"href":"https:\/\/www.heilquelle.ch\/fr\/wp-json\/wp\/v2\/pages"}],"about":[{"href":"https:\/\/www.heilquelle.ch\/fr\/wp-json\/wp\/v2\/types\/page"}],"author":[{"embeddable":true,"href":"https:\/\/www.heilquelle.ch\/fr\/wp-json\/wp\/v2\/users\/2"}],"replies":[{"embeddable":true,"href":"https:\/\/www.heilquelle.ch\/fr\/wp-json\/wp\/v2\/comments?post=5316"}],"version-history":[{"count":5,"href":"https:\/\/www.heilquelle.ch\/fr\/wp-json\/wp\/v2\/pages\/5316\/revisions"}],"predecessor-version":[{"id":8618,"href":"https:\/\/www.heilquelle.ch\/fr\/wp-json\/wp\/v2\/pages\/5316\/revisions\/8618"}],"wp:attachment":[{"href":"https:\/\/www.heilquelle.ch\/fr\/wp-json\/wp\/v2\/media?parent=5316"}],"curies":[{"name":"wp","href":"https:\/\/api.w.org\/{rel}","templated":true}]}}