{"id":5376,"date":"2017-07-30T19:45:27","date_gmt":"2017-07-30T17:45:27","guid":{"rendered":"https:\/\/www.heilquelle.ch\/?page_id=5376\/"},"modified":"2025-07-11T16:51:32","modified_gmt":"2025-07-11T14:51:32","slug":"chambres-2-2","status":"publish","type":"page","link":"https:\/\/www.heilquelle.ch\/fr\/chambres-2-2\/","title":{"rendered":"Chambres"},"content":{"rendered":"<div id='av_section_1'  class='avia-section main_color avia-section-default avia-no-shadow  avia-bg-style-scroll  avia-builder-el-0  el_before_av_slideshow_full  avia-builder-el-first   container_wrap fullsize' style=' '  ><div class='container' ><main  role=\"main\" itemprop=\"mainContentOfPage\"  class='template-page content  av-content-full alpha units'><div class='post-entry post-entry-type-page post-entry-5376'><div class='entry-content-wrapper clearfix'>\n<div  style='padding-bottom:20px; font-size:50px;' class='av-special-heading av-special-heading-h1  blockquote modern-quote modern-centered  avia-builder-el-1  avia-builder-el-no-sibling  av-inherit-size '><h1 class='av-special-heading-tag '  itemprop=\"headline\"  >Chambres d\u2019h\u00f4tel \u00e0 Lo\u00e8che-les-Bains<\/h1><div class='special-heading-border'><div class='special-heading-inner-border' ><\/div><\/div><\/div>\n\n<\/div><\/div><\/main><!-- close content main element --><\/div><\/div><div id='full_slider_1'  class='avia-fullwidth-slider main_color avia-shadow   avia-builder-el-2  el_after_av_section  el_before_av_layout_row   slider-not-first container_wrap fullsize' style=' '  ><div   data-size='no scaling'  data-lightbox_size='large'  data-animation='fade'  data-conditional_play=''  data-ids='4286,4293,4292,4289,4291,4288'  data-video_counter='0'  data-autoplay='true'  data-bg_slider='false'  data-slide_height=''  data-handle='av_slideshow_full'  data-interval='3'  data-class=' image_no_stretch'  data-el_id=''  data-css_id=''  data-scroll_down=''  data-control_layout='av-control-hidden'  data-custom_markup=''  data-perma_caption=''  data-autoplay_stopper=''  data-image_attachment=''  data-min_height='0px'  data-lazy_loading='disabled'  data-src=''  data-position='top left'  data-repeat='no-repeat'  data-attach='scroll'  data-stretch='image_no_stretch'  class='avia-slideshow avia-slideshow-1  av-control-hidden av-default-height-applied avia-slideshow-no scaling av_slideshow_full  image_no_stretch avia-fade-slider '  itemprop=\"image\" itemscope=\"itemscope\" itemtype=\"https:\/\/schema.org\/ImageObject\" ><ul class='avia-slideshow-inner ' style='padding-bottom: 18.229166666667%;' ><li  class=' slide-1 ' ><div data-rel='slideshow-1' class='avia-slide-wrap '   ><img decoding=\"async\" class=\"wp-image-6227 avia-img-lazy-loading-not-6227\"  src=\"https:\/\/www.heilquelle.ch\/v2\/wp-content\/uploads\/slider-zimmer-01.jpg\" width=\"1920\" height=\"350\" title='slider-zimmer-01' alt=''  itemprop=\"thumbnailUrl\" srcset=\"https:\/\/www.heilquelle.ch\/v2\/wp-content\/uploads\/slider-zimmer-01.jpg 1920w, https:\/\/www.heilquelle.ch\/v2\/wp-content\/uploads\/slider-zimmer-01-225x41.jpg 225w, https:\/\/www.heilquelle.ch\/v2\/wp-content\/uploads\/slider-zimmer-01-768x140.jpg 768w, https:\/\/www.heilquelle.ch\/v2\/wp-content\/uploads\/slider-zimmer-01-1030x188.jpg 1030w, https:\/\/www.heilquelle.ch\/v2\/wp-content\/uploads\/slider-zimmer-01-1500x273.jpg 1500w, https:\/\/www.heilquelle.ch\/v2\/wp-content\/uploads\/slider-zimmer-01-705x129.jpg 705w, https:\/\/www.heilquelle.ch\/v2\/wp-content\/uploads\/slider-zimmer-01-450x82.jpg 450w\" sizes=\"(max-width: 1920px) 100vw, 1920px\" \/><\/div><\/li><li  class=' slide-2 ' ><div data-rel='slideshow-1' class='avia-slide-wrap '   ><img decoding=\"async\" class=\"wp-image-6248 avia-img-lazy-loading-not-6248\"  src=\"https:\/\/www.heilquelle.ch\/v2\/wp-content\/uploads\/slider-zimmer-08.jpg\" width=\"1920\" height=\"350\" title='slider-zimmer-08' alt=''  itemprop=\"thumbnailUrl\" srcset=\"https:\/\/www.heilquelle.ch\/v2\/wp-content\/uploads\/slider-zimmer-08.jpg 1920w, https:\/\/www.heilquelle.ch\/v2\/wp-content\/uploads\/slider-zimmer-08-225x41.jpg 225w, https:\/\/www.heilquelle.ch\/v2\/wp-content\/uploads\/slider-zimmer-08-768x140.jpg 768w, https:\/\/www.heilquelle.ch\/v2\/wp-content\/uploads\/slider-zimmer-08-1030x188.jpg 1030w, https:\/\/www.heilquelle.ch\/v2\/wp-content\/uploads\/slider-zimmer-08-1500x273.jpg 1500w, https:\/\/www.heilquelle.ch\/v2\/wp-content\/uploads\/slider-zimmer-08-705x129.jpg 705w, https:\/\/www.heilquelle.ch\/v2\/wp-content\/uploads\/slider-zimmer-08-450x82.jpg 450w\" sizes=\"(max-width: 1920px) 100vw, 1920px\" \/><\/div><\/li><li  class=' slide-3 ' ><div data-rel='slideshow-1' class='avia-slide-wrap '   ><img decoding=\"async\" class=\"wp-image-6245 avia-img-lazy-loading-not-6245\"  src=\"https:\/\/www.heilquelle.ch\/v2\/wp-content\/uploads\/slider-zimmer-07.jpg\" width=\"1920\" height=\"350\" title='slider-zimmer-07' alt=''  itemprop=\"thumbnailUrl\" srcset=\"https:\/\/www.heilquelle.ch\/v2\/wp-content\/uploads\/slider-zimmer-07.jpg 1920w, https:\/\/www.heilquelle.ch\/v2\/wp-content\/uploads\/slider-zimmer-07-225x41.jpg 225w, https:\/\/www.heilquelle.ch\/v2\/wp-content\/uploads\/slider-zimmer-07-768x140.jpg 768w, https:\/\/www.heilquelle.ch\/v2\/wp-content\/uploads\/slider-zimmer-07-1030x188.jpg 1030w, https:\/\/www.heilquelle.ch\/v2\/wp-content\/uploads\/slider-zimmer-07-1500x273.jpg 1500w, https:\/\/www.heilquelle.ch\/v2\/wp-content\/uploads\/slider-zimmer-07-705x129.jpg 705w, https:\/\/www.heilquelle.ch\/v2\/wp-content\/uploads\/slider-zimmer-07-450x82.jpg 450w\" sizes=\"(max-width: 1920px) 100vw, 1920px\" \/><\/div><\/li><li  class=' slide-4 ' ><div data-rel='slideshow-1' class='avia-slide-wrap '   ><img decoding=\"async\" class=\"wp-image-6236 avia-img-lazy-loading-not-6236\"  src=\"https:\/\/www.heilquelle.ch\/v2\/wp-content\/uploads\/slider-zimmer-04.jpg\" width=\"1920\" height=\"350\" title='slider-zimmer-04' alt=''  itemprop=\"thumbnailUrl\" srcset=\"https:\/\/www.heilquelle.ch\/v2\/wp-content\/uploads\/slider-zimmer-04.jpg 1920w, https:\/\/www.heilquelle.ch\/v2\/wp-content\/uploads\/slider-zimmer-04-225x41.jpg 225w, https:\/\/www.heilquelle.ch\/v2\/wp-content\/uploads\/slider-zimmer-04-768x140.jpg 768w, https:\/\/www.heilquelle.ch\/v2\/wp-content\/uploads\/slider-zimmer-04-1030x188.jpg 1030w, https:\/\/www.heilquelle.ch\/v2\/wp-content\/uploads\/slider-zimmer-04-1500x273.jpg 1500w, https:\/\/www.heilquelle.ch\/v2\/wp-content\/uploads\/slider-zimmer-04-705x129.jpg 705w, https:\/\/www.heilquelle.ch\/v2\/wp-content\/uploads\/slider-zimmer-04-450x82.jpg 450w\" sizes=\"(max-width: 1920px) 100vw, 1920px\" \/><\/div><\/li><li  class=' slide-5 ' ><div data-rel='slideshow-1' class='avia-slide-wrap '   ><img decoding=\"async\" class=\"wp-image-6242 avia-img-lazy-loading-not-6242\"  src=\"https:\/\/www.heilquelle.ch\/v2\/wp-content\/uploads\/slider-zimmer-06.jpg\" width=\"1920\" height=\"350\" title='slider-zimmer-06' alt=''  itemprop=\"thumbnailUrl\" srcset=\"https:\/\/www.heilquelle.ch\/v2\/wp-content\/uploads\/slider-zimmer-06.jpg 1920w, https:\/\/www.heilquelle.ch\/v2\/wp-content\/uploads\/slider-zimmer-06-225x41.jpg 225w, https:\/\/www.heilquelle.ch\/v2\/wp-content\/uploads\/slider-zimmer-06-768x140.jpg 768w, https:\/\/www.heilquelle.ch\/v2\/wp-content\/uploads\/slider-zimmer-06-1030x188.jpg 1030w, https:\/\/www.heilquelle.ch\/v2\/wp-content\/uploads\/slider-zimmer-06-1500x273.jpg 1500w, https:\/\/www.heilquelle.ch\/v2\/wp-content\/uploads\/slider-zimmer-06-705x129.jpg 705w, https:\/\/www.heilquelle.ch\/v2\/wp-content\/uploads\/slider-zimmer-06-450x82.jpg 450w\" sizes=\"(max-width: 1920px) 100vw, 1920px\" \/><\/div><\/li><li  class=' slide-6 ' ><div data-rel='slideshow-1' class='avia-slide-wrap '   ><img decoding=\"async\" class=\"wp-image-6233 avia-img-lazy-loading-not-6233\"  src=\"https:\/\/www.heilquelle.ch\/v2\/wp-content\/uploads\/slider-zimmer-03.jpg\" width=\"1920\" height=\"350\" title='slider-zimmer-03' alt=''  itemprop=\"thumbnailUrl\" srcset=\"https:\/\/www.heilquelle.ch\/v2\/wp-content\/uploads\/slider-zimmer-03.jpg 1920w, https:\/\/www.heilquelle.ch\/v2\/wp-content\/uploads\/slider-zimmer-03-225x41.jpg 225w, https:\/\/www.heilquelle.ch\/v2\/wp-content\/uploads\/slider-zimmer-03-768x140.jpg 768w, https:\/\/www.heilquelle.ch\/v2\/wp-content\/uploads\/slider-zimmer-03-1030x188.jpg 1030w, https:\/\/www.heilquelle.ch\/v2\/wp-content\/uploads\/slider-zimmer-03-1500x273.jpg 1500w, https:\/\/www.heilquelle.ch\/v2\/wp-content\/uploads\/slider-zimmer-03-705x129.jpg 705w, https:\/\/www.heilquelle.ch\/v2\/wp-content\/uploads\/slider-zimmer-03-450x82.jpg 450w\" sizes=\"(max-width: 1920px) 100vw, 1920px\" \/><\/div><\/li><\/ul><div class='avia-slideshow-arrows avia-slideshow-controls'><a href='#prev' class='prev-slide' aria-hidden='true' data-av_icon='\ue87c' data-av_iconfont='entypo-fontello' aria-hidden=\"true\" tabindex=\"-1\">Pr\u00e9c\u00e9dent<\/a><a href='#next' class='next-slide' aria-hidden='true' data-av_icon='\ue87d' data-av_iconfont='entypo-fontello' aria-hidden=\"true\" tabindex=\"-1\">Suivant<\/a><\/div><div class='avia-slideshow-dots avia-slideshow-controls'><a href='#1' class='goto-slide active' >1<\/a><a href='#2' class='goto-slide ' >2<\/a><a href='#3' class='goto-slide ' >3<\/a><a href='#4' class='goto-slide ' >4<\/a><a href='#5' class='goto-slide ' >5<\/a><a href='#6' class='goto-slide ' >6<\/a><\/div><\/div><\/div>\n<div id='gr-zimmer-info'  class='av-layout-grid-container entry-content-wrapper main_color av-flex-cells     avia-builder-el-3  el_after_av_slideshow_full  el_before_av_section  submenu-not-first container_wrap fullsize' style=' '  >\n<div class=\"flex_cell no_margin av_one_half  avia-builder-el-4  el_before_av_cell_one_half  avia-builder-el-first   \"  style='vertical-align:top; padding:40px; background-color:#620033; ' ><div class='flex_cell_inner' ><article  class=\"iconbox iconbox_left_content    avia-builder-el-5  avia-builder-el-no-sibling  \"  itemscope=\"itemscope\" itemtype=\"https:\/\/schema.org\/CreativeWork\" ><div class=\"iconbox_icon heading-color\" aria-hidden='true' data-av_icon='\ue81f' data-av_iconfont='entypo-fontello'  style='border:1px solid #ffffff; color:#ffffff; ' ><\/div><div class=\"iconbox_content\"><header class=\"entry-content-header\"><h3 class='iconbox_content_title  '  itemprop=\"headline\"   style='color:#ffffff; '>Cat\u00e9gories<\/h3><\/header><div class='iconbox_content_container av_inherit_color '  itemprop=\"text\"   style='color:#ffffff; '><ul>\n<li>Chambres simples<\/li>\n<li>Chambres doubles Standard<\/li>\n<li>Chambres doubles Superior<\/li>\n<li>Chambres doubles mit Zustellbett oder Bettsofa<\/li>\n<li>Chambres doubles Deluxe<\/li>\n<li>Junior Suite<\/li>\n<\/ul>\n<\/div><\/div><footer class=\"entry-footer\"><\/footer><\/article>\n<\/div><\/div><div class=\"flex_cell no_margin av_one_half  avia-builder-el-6  el_after_av_cell_one_half  avia-builder-el-last   \"  style='vertical-align:middle; padding:30px; background-color:#231123; ' ><div class='flex_cell_inner' ><article  class=\"iconbox iconbox_left_content    avia-builder-el-7  avia-builder-el-no-sibling  \"  itemscope=\"itemscope\" itemtype=\"https:\/\/schema.org\/CreativeWork\" ><a href='mailto:info@heilquelle.ch' title='Equipement'  class=\"iconbox_icon heading-color\" aria-hidden='true' data-av_icon='\ue855' data-av_iconfont='entypo-fontello'  style='border:1px solid #ffffff; color:#ffffff; ' ><\/a><div class=\"iconbox_content\"><header class=\"entry-content-header\"><h3 class='iconbox_content_title  '  itemprop=\"headline\"   style='color:#ffffff; '><a href='mailto:info@heilquelle.ch' title='Equipement' >Equipement<\/a><\/h3><\/header><div class='iconbox_content_container av_inherit_color '  itemprop=\"text\"   style='color:#ffffff; '><ul>\n<li>acc\u00e8s WIFI gratuit<\/li>\n<li>t\u00e9l\u00e9vision par c\u00e2ble<\/li>\n<li>radio<\/li>\n<li>coffre-fort<\/li>\n<li>douche\/WC<\/li>\n<li>s\u00e8che-cheveux<\/li>\n<li>une vue imprenable sur les montagnes alentour<\/li>\n<\/ul>\n<\/div><\/div><footer class=\"entry-footer\"><\/footer><\/article>\n<\/div><\/div>\n<\/div>\n<div id='av_section_2'  class='avia-section main_color avia-section-large avia-no-shadow  avia-bg-style-scroll  avia-builder-el-8  el_after_av_layout_row  el_before_av_button   container_wrap fullsize' style=' '  ><div class='container' ><div class='template-page content  av-content-full alpha units'><div class='post-entry post-entry-type-page post-entry-5376'><div class='entry-content-wrapper clearfix'>\n\n<\/div><\/div><\/div><!-- close content main div --><\/div><\/div><div id='after_section_2'  class='main_color av_default_container_wrap container_wrap fullsize' style=' '  ><div class='container' ><div class='template-page content  av-content-full alpha units'><div class='post-entry post-entry-type-page post-entry-5376'><div class='entry-content-wrapper clearfix'><div  class='avia-button-wrap avia-button-center  avia-builder-el-10  el_after_av_section  avia-builder-el-no-sibling ' ><a href='https:\/\/www.heilquelle.ch\/fr\/prix\/'  class='avia-button av-icon-on-hover avia-color-theme-color-highlight   avia-icon_select-yes-right-icon avia-size-large avia-position-center '   ><span class='avia_iconbox_title' >Prix &amp; conditions<\/span><span class='avia_button_icon avia_button_icon_right' aria-hidden='true' data-av_icon='\ue88d' data-av_iconfont='entypo-fontello'><\/span><\/a><\/div><\/p>\n","protected":false},"excerpt":{"rendered":"","protected":false},"author":2,"featured_media":0,"parent":0,"menu_order":17,"comment_status":"closed","ping_status":"closed","template":"","meta":{"footnotes":""},"class_list":["post-5376","page","type-page","status-publish","hentry"],"yoast_head":"<!-- This site is optimized with the Yoast SEO plugin v27.4 - https:\/\/yoast.com\/product\/yoast-seo-wordpress\/ -->\n<title>Chambres simples et doubles, Junior Suite \u00e0 Lo\u00e8che-les-Bains<\/title>\n<meta name=\"description\" content=\"Les chambres simples et doubles et les suites junior sont disponibles en ligne. Vous pouvez vous attendre \u00e0 des chambres d&#039;h\u00f4tel jolies et confortables.\" \/>\n<meta name=\"robots\" content=\"index, follow, max-snippet:-1, max-image-preview:large, max-video-preview:-1\" \/>\n<link rel=\"canonical\" href=\"https:\/\/www.heilquelle.ch\/fr\/chambres-2-2\/\" \/>\n<meta name=\"twitter:label1\" content=\"Dur\u00e9e de lecture estim\u00e9e\" \/>\n\t<meta name=\"twitter:data1\" content=\"9 minutes\" \/>\n<script type=\"application\/ld+json\" class=\"yoast-schema-graph\">{\"@context\":\"https:\\\/\\\/schema.org\",\"@graph\":[{\"@type\":\"WebPage\",\"@id\":\"https:\\\/\\\/www.heilquelle.ch\\\/fr\\\/chambres-2-2\\\/\",\"url\":\"https:\\\/\\\/www.heilquelle.ch\\\/fr\\\/chambres-2-2\\\/\",\"name\":\"Chambres simples et doubles, Junior Suite \u00e0 Lo\u00e8che-les-Bains\",\"isPartOf\":{\"@id\":\"https:\\\/\\\/www.heilquelle.ch\\\/fr\\\/#website\"},\"datePublished\":\"2017-07-30T17:45:27+00:00\",\"dateModified\":\"2025-07-11T14:51:32+00:00\",\"description\":\"Les chambres simples et doubles et les suites junior sont disponibles en ligne. Vous pouvez vous attendre \u00e0 des chambres d'h\u00f4tel jolies et confortables.\",\"inLanguage\":\"fr-FR\",\"potentialAction\":[{\"@type\":\"ReadAction\",\"target\":[\"https:\\\/\\\/www.heilquelle.ch\\\/fr\\\/chambres-2-2\\\/\"]}]},{\"@type\":\"WebSite\",\"@id\":\"https:\\\/\\\/www.heilquelle.ch\\\/fr\\\/#website\",\"url\":\"https:\\\/\\\/www.heilquelle.ch\\\/fr\\\/\",\"name\":\"Hotel Restaurant Heilquelle Leukerbad\",\"description\":\"Gastfreundschaft in Leukerbad\",\"publisher\":{\"@id\":\"https:\\\/\\\/www.heilquelle.ch\\\/fr\\\/#organization\"},\"potentialAction\":[{\"@type\":\"SearchAction\",\"target\":{\"@type\":\"EntryPoint\",\"urlTemplate\":\"https:\\\/\\\/www.heilquelle.ch\\\/fr\\\/?s={search_term_string}\"},\"query-input\":{\"@type\":\"PropertyValueSpecification\",\"valueRequired\":true,\"valueName\":\"search_term_string\"}}],\"inLanguage\":\"fr-FR\"},{\"@type\":\"Organization\",\"@id\":\"https:\\\/\\\/www.heilquelle.ch\\\/fr\\\/#organization\",\"name\":\"Hotel Restaurant Heilquelle Leukerbad\",\"url\":\"https:\\\/\\\/www.heilquelle.ch\\\/fr\\\/\",\"logo\":{\"@type\":\"ImageObject\",\"inLanguage\":\"fr-FR\",\"@id\":\"https:\\\/\\\/www.heilquelle.ch\\\/fr\\\/#\\\/schema\\\/logo\\\/image\\\/\",\"url\":\"https:\\\/\\\/www.heilquelle.ch\\\/v2\\\/wp-content\\\/uploads\\\/logo-hotel-heilquelle-leukerbad-footer-fr.png\",\"contentUrl\":\"https:\\\/\\\/www.heilquelle.ch\\\/v2\\\/wp-content\\\/uploads\\\/logo-hotel-heilquelle-leukerbad-footer-fr.png\",\"width\":566,\"height\":160,\"caption\":\"Hotel Restaurant Heilquelle Leukerbad\"},\"image\":{\"@id\":\"https:\\\/\\\/www.heilquelle.ch\\\/fr\\\/#\\\/schema\\\/logo\\\/image\\\/\"}}]}<\/script>\n<!-- \/ Yoast SEO plugin. -->","yoast_head_json":{"title":"Chambres simples et doubles, Junior Suite \u00e0 Lo\u00e8che-les-Bains","description":"Les chambres simples et doubles et les suites junior sont disponibles en ligne. Vous pouvez vous attendre \u00e0 des chambres d'h\u00f4tel jolies et confortables.","robots":{"index":"index","follow":"follow","max-snippet":"max-snippet:-1","max-image-preview":"max-image-preview:large","max-video-preview":"max-video-preview:-1"},"canonical":"https:\/\/www.heilquelle.ch\/fr\/chambres-2-2\/","twitter_misc":{"Dur\u00e9e de lecture estim\u00e9e":"9 minutes"},"schema":{"@context":"https:\/\/schema.org","@graph":[{"@type":"WebPage","@id":"https:\/\/www.heilquelle.ch\/fr\/chambres-2-2\/","url":"https:\/\/www.heilquelle.ch\/fr\/chambres-2-2\/","name":"Chambres simples et doubles, Junior Suite \u00e0 Lo\u00e8che-les-Bains","isPartOf":{"@id":"https:\/\/www.heilquelle.ch\/fr\/#website"},"datePublished":"2017-07-30T17:45:27+00:00","dateModified":"2025-07-11T14:51:32+00:00","description":"Les chambres simples et doubles et les suites junior sont disponibles en ligne. Vous pouvez vous attendre \u00e0 des chambres d'h\u00f4tel jolies et confortables.","inLanguage":"fr-FR","potentialAction":[{"@type":"ReadAction","target":["https:\/\/www.heilquelle.ch\/fr\/chambres-2-2\/"]}]},{"@type":"WebSite","@id":"https:\/\/www.heilquelle.ch\/fr\/#website","url":"https:\/\/www.heilquelle.ch\/fr\/","name":"Hotel Restaurant Heilquelle Leukerbad","description":"Gastfreundschaft in Leukerbad","publisher":{"@id":"https:\/\/www.heilquelle.ch\/fr\/#organization"},"potentialAction":[{"@type":"SearchAction","target":{"@type":"EntryPoint","urlTemplate":"https:\/\/www.heilquelle.ch\/fr\/?s={search_term_string}"},"query-input":{"@type":"PropertyValueSpecification","valueRequired":true,"valueName":"search_term_string"}}],"inLanguage":"fr-FR"},{"@type":"Organization","@id":"https:\/\/www.heilquelle.ch\/fr\/#organization","name":"Hotel Restaurant Heilquelle Leukerbad","url":"https:\/\/www.heilquelle.ch\/fr\/","logo":{"@type":"ImageObject","inLanguage":"fr-FR","@id":"https:\/\/www.heilquelle.ch\/fr\/#\/schema\/logo\/image\/","url":"https:\/\/www.heilquelle.ch\/v2\/wp-content\/uploads\/logo-hotel-heilquelle-leukerbad-footer-fr.png","contentUrl":"https:\/\/www.heilquelle.ch\/v2\/wp-content\/uploads\/logo-hotel-heilquelle-leukerbad-footer-fr.png","width":566,"height":160,"caption":"Hotel Restaurant Heilquelle Leukerbad"},"image":{"@id":"https:\/\/www.heilquelle.ch\/fr\/#\/schema\/logo\/image\/"}}]}},"publishpress_future_action":{"enabled":false,"date":"2026-04-28 12:58:43","action":"change-status","newStatus":"draft","terms":[],"taxonomy":"translation_priority","extraData":[]},"publishpress_future_workflow_manual_trigger":{"enabledWorkflows":[]},"_links":{"self":[{"href":"https:\/\/www.heilquelle.ch\/fr\/wp-json\/wp\/v2\/pages\/5376","targetHints":{"allow":["GET"]}}],"collection":[{"href":"https:\/\/www.heilquelle.ch\/fr\/wp-json\/wp\/v2\/pages"}],"about":[{"href":"https:\/\/www.heilquelle.ch\/fr\/wp-json\/wp\/v2\/types\/page"}],"author":[{"embeddable":true,"href":"https:\/\/www.heilquelle.ch\/fr\/wp-json\/wp\/v2\/users\/2"}],"replies":[{"embeddable":true,"href":"https:\/\/www.heilquelle.ch\/fr\/wp-json\/wp\/v2\/comments?post=5376"}],"version-history":[{"count":10,"href":"https:\/\/www.heilquelle.ch\/fr\/wp-json\/wp\/v2\/pages\/5376\/revisions"}],"predecessor-version":[{"id":9050,"href":"https:\/\/www.heilquelle.ch\/fr\/wp-json\/wp\/v2\/pages\/5376\/revisions\/9050"}],"wp:attachment":[{"href":"https:\/\/www.heilquelle.ch\/fr\/wp-json\/wp\/v2\/media?parent=5376"}],"curies":[{"name":"wp","href":"https:\/\/api.w.org\/{rel}","templated":true}]}}