{"id":5408,"date":"2017-07-30T23:29:29","date_gmt":"2017-07-30T21:29:29","guid":{"rendered":"https:\/\/www.heilquelle.ch\/?page_id=5408\/"},"modified":"2024-01-31T09:11:33","modified_gmt":"2024-01-31T08:11:33","slug":"restaurant-a-loeche-les-bains","status":"publish","type":"page","link":"https:\/\/www.heilquelle.ch\/fr\/restaurant-a-loeche-les-bains\/","title":{"rendered":"Restaurant \u00e0 Lo\u00e8che-les-Bains"},"content":{"rendered":"<div id='av_section_1'  class='avia-section main_color avia-section-default avia-no-shadow  avia-bg-style-scroll  avia-builder-el-0  el_before_av_slideshow_full  avia-builder-el-first   container_wrap fullsize' style=' '  ><div class='container' ><main  role=\"main\" itemprop=\"mainContentOfPage\"  class='template-page content  av-content-full alpha units'><div class='post-entry post-entry-type-page post-entry-5408'><div class='entry-content-wrapper clearfix'>\n<div  style='padding-bottom:20px; font-size:50px;' class='av-special-heading av-special-heading-h1  blockquote modern-quote modern-centered  avia-builder-el-1  avia-builder-el-no-sibling  av-inherit-size '><h1 class='av-special-heading-tag '  itemprop=\"headline\"  >Restaurant Heilquelle \u00e0 Lo\u00e8che-les-Bains<\/h1><div class='special-heading-border'><div class='special-heading-inner-border' ><\/div><\/div><\/div>\n\n<\/div><\/div><\/main><!-- close content main element --><\/div><\/div><div id='full_slider_1'  class='avia-fullwidth-slider main_color avia-shadow   avia-builder-el-2  el_after_av_section  el_before_av_layout_row   slider-not-first container_wrap fullsize' style=' '  ><div   data-size='no scaling'  data-lightbox_size='large'  data-animation='fade'  data-conditional_play=''  data-ids='4446,4447,4450,4449,4453,4448'  data-video_counter='0'  data-autoplay='true'  data-bg_slider='false'  data-slide_height=''  data-handle='av_slideshow_full'  data-interval='4'  data-class=' image_no_stretch'  data-el_id=''  data-css_id=''  data-scroll_down=''  data-control_layout='av-control-hidden'  data-custom_markup=''  data-perma_caption=''  data-autoplay_stopper=''  data-image_attachment=''  data-min_height='0px'  data-lazy_loading='disabled'  data-src=''  data-position='top left'  data-repeat='no-repeat'  data-attach='scroll'  data-stretch='image_no_stretch'  class='avia-slideshow avia-slideshow-1  av-control-hidden av-default-height-applied avia-slideshow-no scaling av_slideshow_full  image_no_stretch avia-fade-slider '  itemprop=\"image\" itemscope=\"itemscope\" itemtype=\"https:\/\/schema.org\/ImageObject\" ><ul class='avia-slideshow-inner ' style='padding-bottom: 26.041666666667%;' ><li  class=' slide-1 ' ><div data-rel='slideshow-1' class='avia-slide-wrap '   ><img decoding=\"async\" class=\"wp-image-6293 avia-img-lazy-loading-not-6293\"  src=\"https:\/\/www.heilquelle.ch\/v2\/wp-content\/uploads\/slider-restaurant-02.jpg\" width=\"1920\" height=\"500\" title='slider-restaurant-02' alt=''  itemprop=\"thumbnailUrl\" srcset=\"https:\/\/www.heilquelle.ch\/v2\/wp-content\/uploads\/slider-restaurant-02.jpg 1920w, https:\/\/www.heilquelle.ch\/v2\/wp-content\/uploads\/slider-restaurant-02-225x59.jpg 225w, https:\/\/www.heilquelle.ch\/v2\/wp-content\/uploads\/slider-restaurant-02-768x200.jpg 768w, https:\/\/www.heilquelle.ch\/v2\/wp-content\/uploads\/slider-restaurant-02-1030x268.jpg 1030w, https:\/\/www.heilquelle.ch\/v2\/wp-content\/uploads\/slider-restaurant-02-1500x391.jpg 1500w, https:\/\/www.heilquelle.ch\/v2\/wp-content\/uploads\/slider-restaurant-02-705x184.jpg 705w, https:\/\/www.heilquelle.ch\/v2\/wp-content\/uploads\/slider-restaurant-02-450x117.jpg 450w\" sizes=\"(max-width: 1920px) 100vw, 1920px\" \/><\/div><\/li><li  class=' slide-2 ' ><div data-rel='slideshow-1' class='avia-slide-wrap '   ><img decoding=\"async\" class=\"wp-image-6296 avia-img-lazy-loading-not-6296\"  src=\"https:\/\/www.heilquelle.ch\/v2\/wp-content\/uploads\/slider-restaurant-03.jpg\" width=\"1920\" height=\"500\" title='slider-restaurant-03' alt=''  itemprop=\"thumbnailUrl\" srcset=\"https:\/\/www.heilquelle.ch\/v2\/wp-content\/uploads\/slider-restaurant-03.jpg 1920w, https:\/\/www.heilquelle.ch\/v2\/wp-content\/uploads\/slider-restaurant-03-225x59.jpg 225w, https:\/\/www.heilquelle.ch\/v2\/wp-content\/uploads\/slider-restaurant-03-768x200.jpg 768w, https:\/\/www.heilquelle.ch\/v2\/wp-content\/uploads\/slider-restaurant-03-1030x268.jpg 1030w, https:\/\/www.heilquelle.ch\/v2\/wp-content\/uploads\/slider-restaurant-03-1500x391.jpg 1500w, https:\/\/www.heilquelle.ch\/v2\/wp-content\/uploads\/slider-restaurant-03-705x184.jpg 705w, https:\/\/www.heilquelle.ch\/v2\/wp-content\/uploads\/slider-restaurant-03-450x117.jpg 450w\" sizes=\"(max-width: 1920px) 100vw, 1920px\" \/><\/div><\/li><li  class=' slide-3 ' ><div data-rel='slideshow-1' class='avia-slide-wrap '   ><img decoding=\"async\" class=\"wp-image-6305 avia-img-lazy-loading-not-6305\"  src=\"https:\/\/www.heilquelle.ch\/v2\/wp-content\/uploads\/slider-restaurant-01.jpg\" width=\"1920\" height=\"500\" title='slider-restaurant-01' alt=''  itemprop=\"thumbnailUrl\" srcset=\"https:\/\/www.heilquelle.ch\/v2\/wp-content\/uploads\/slider-restaurant-01.jpg 1920w, https:\/\/www.heilquelle.ch\/v2\/wp-content\/uploads\/slider-restaurant-01-225x59.jpg 225w, https:\/\/www.heilquelle.ch\/v2\/wp-content\/uploads\/slider-restaurant-01-768x200.jpg 768w, https:\/\/www.heilquelle.ch\/v2\/wp-content\/uploads\/slider-restaurant-01-1030x268.jpg 1030w, https:\/\/www.heilquelle.ch\/v2\/wp-content\/uploads\/slider-restaurant-01-1500x391.jpg 1500w, https:\/\/www.heilquelle.ch\/v2\/wp-content\/uploads\/slider-restaurant-01-705x184.jpg 705w, https:\/\/www.heilquelle.ch\/v2\/wp-content\/uploads\/slider-restaurant-01-450x117.jpg 450w\" sizes=\"(max-width: 1920px) 100vw, 1920px\" \/><\/div><\/li><li  class=' slide-4 ' ><div data-rel='slideshow-1' class='avia-slide-wrap '   ><img decoding=\"async\" class=\"wp-image-6302 avia-img-lazy-loading-not-6302\"  src=\"https:\/\/www.heilquelle.ch\/v2\/wp-content\/uploads\/slider-restaurant-05.jpg\" width=\"1920\" height=\"500\" title='slider-restaurant-05' alt=''  itemprop=\"thumbnailUrl\" srcset=\"https:\/\/www.heilquelle.ch\/v2\/wp-content\/uploads\/slider-restaurant-05.jpg 1920w, https:\/\/www.heilquelle.ch\/v2\/wp-content\/uploads\/slider-restaurant-05-225x59.jpg 225w, https:\/\/www.heilquelle.ch\/v2\/wp-content\/uploads\/slider-restaurant-05-768x200.jpg 768w, https:\/\/www.heilquelle.ch\/v2\/wp-content\/uploads\/slider-restaurant-05-1030x268.jpg 1030w, https:\/\/www.heilquelle.ch\/v2\/wp-content\/uploads\/slider-restaurant-05-1500x391.jpg 1500w, https:\/\/www.heilquelle.ch\/v2\/wp-content\/uploads\/slider-restaurant-05-705x184.jpg 705w, https:\/\/www.heilquelle.ch\/v2\/wp-content\/uploads\/slider-restaurant-05-450x117.jpg 450w\" sizes=\"(max-width: 1920px) 100vw, 1920px\" \/><\/div><\/li><li  class=' slide-5 ' ><div data-rel='slideshow-1' class='avia-slide-wrap '   ><img decoding=\"async\" class=\"wp-image-6308 avia-img-lazy-loading-not-6308\"  src=\"https:\/\/www.heilquelle.ch\/v2\/wp-content\/uploads\/slider-restaurant-07.jpg\" width=\"1920\" height=\"500\" title='slider-restaurant-07' alt=''  itemprop=\"thumbnailUrl\" srcset=\"https:\/\/www.heilquelle.ch\/v2\/wp-content\/uploads\/slider-restaurant-07.jpg 1920w, https:\/\/www.heilquelle.ch\/v2\/wp-content\/uploads\/slider-restaurant-07-225x59.jpg 225w, https:\/\/www.heilquelle.ch\/v2\/wp-content\/uploads\/slider-restaurant-07-768x200.jpg 768w, https:\/\/www.heilquelle.ch\/v2\/wp-content\/uploads\/slider-restaurant-07-1030x268.jpg 1030w, https:\/\/www.heilquelle.ch\/v2\/wp-content\/uploads\/slider-restaurant-07-1500x391.jpg 1500w, https:\/\/www.heilquelle.ch\/v2\/wp-content\/uploads\/slider-restaurant-07-705x184.jpg 705w, https:\/\/www.heilquelle.ch\/v2\/wp-content\/uploads\/slider-restaurant-07-450x117.jpg 450w\" sizes=\"(max-width: 1920px) 100vw, 1920px\" \/><\/div><\/li><li  class=' slide-6 ' ><div data-rel='slideshow-1' class='avia-slide-wrap '   ><img decoding=\"async\" class=\"wp-image-6299 avia-img-lazy-loading-not-6299\"  src=\"https:\/\/www.heilquelle.ch\/v2\/wp-content\/uploads\/slider-restaurant-04.jpg\" width=\"1920\" height=\"500\" title='slider-restaurant-04' alt=''  itemprop=\"thumbnailUrl\" srcset=\"https:\/\/www.heilquelle.ch\/v2\/wp-content\/uploads\/slider-restaurant-04.jpg 1920w, https:\/\/www.heilquelle.ch\/v2\/wp-content\/uploads\/slider-restaurant-04-225x59.jpg 225w, https:\/\/www.heilquelle.ch\/v2\/wp-content\/uploads\/slider-restaurant-04-768x200.jpg 768w, https:\/\/www.heilquelle.ch\/v2\/wp-content\/uploads\/slider-restaurant-04-1030x268.jpg 1030w, https:\/\/www.heilquelle.ch\/v2\/wp-content\/uploads\/slider-restaurant-04-1500x391.jpg 1500w, https:\/\/www.heilquelle.ch\/v2\/wp-content\/uploads\/slider-restaurant-04-705x184.jpg 705w, https:\/\/www.heilquelle.ch\/v2\/wp-content\/uploads\/slider-restaurant-04-450x117.jpg 450w\" sizes=\"(max-width: 1920px) 100vw, 1920px\" \/><\/div><\/li><\/ul><div class='avia-slideshow-arrows avia-slideshow-controls'><a href='#prev' class='prev-slide' aria-hidden='true' data-av_icon='\ue87c' data-av_iconfont='entypo-fontello' aria-hidden=\"true\" tabindex=\"-1\">Pr\u00e9c\u00e9dent<\/a><a href='#next' class='next-slide' aria-hidden='true' data-av_icon='\ue87d' data-av_iconfont='entypo-fontello' aria-hidden=\"true\" tabindex=\"-1\">Suivant<\/a><\/div><div class='avia-slideshow-dots avia-slideshow-controls'><a href='#1' class='goto-slide active' >1<\/a><a href='#2' class='goto-slide ' >2<\/a><a href='#3' class='goto-slide ' >3<\/a><a href='#4' class='goto-slide ' >4<\/a><a href='#5' class='goto-slide ' >5<\/a><a href='#6' class='goto-slide ' >6<\/a><\/div><\/div><\/div>\n<div id='gr-restaurant-info'  class='av-layout-grid-container entry-content-wrapper main_color av-flex-cells     avia-builder-el-3  el_after_av_slideshow_full  el_before_av_two_third  submenu-not-first container_wrap fullsize' style=' '  >\n<div class=\"flex_cell no_margin av_one_third  avia-builder-el-4  el_before_av_cell_one_third  avia-builder-el-first   av-zero-padding \"  style='vertical-align:top; padding:0px; background-color:#f6aa1c; ' ><div class='flex_cell_inner' ><div class=\"flex_column av_one_full  flex_column_div first  avia-builder-el-5  avia-builder-el-no-sibling  \" style='padding:40px; background-color:#f6aa1c; border-radius:0px; '><article  class=\"iconbox iconbox_left_content    avia-builder-el-6  avia-builder-el-no-sibling  \"  itemscope=\"itemscope\" itemtype=\"https:\/\/schema.org\/CreativeWork\" ><div class=\"iconbox_icon heading-color\" aria-hidden='true' data-av_icon='\ue81f' data-av_iconfont='entypo-fontello'  style='border:1px solid #620033; color:#620033; ' ><\/div><div class=\"iconbox_content\"><header class=\"entry-content-header\"><h3 class='iconbox_content_title  '  itemprop=\"headline\"   style='color:#620033; '>Sp\u00e9cialit\u00e9s de la maison<\/h3><\/header><div class='iconbox_content_container av_inherit_color '  itemprop=\"text\"   style='color:#620033; '><ul>\n<li>Ch\u00e2teaubriand<\/li>\n<li>Fondue Chinoise sur r\u00e9servation<\/li>\n<li>Steak, entrec\u00f4te ou filet cuits sur la pierre chaude<\/li>\n<\/ul>\n<\/div><\/div><footer class=\"entry-footer\"><\/footer><\/article><\/div>\n<\/div><\/div><div class=\"flex_cell no_margin av_one_third  avia-builder-el-7  el_after_av_cell_one_third  el_before_av_cell_one_third   av-zero-padding \"  style='vertical-align:top; padding:0px; background-color:#941b0c; ' ><div class='flex_cell_inner' ><div class=\"flex_column av_one_full  flex_column_div first  avia-builder-el-8  avia-builder-el-no-sibling  \" style='padding:40px; background-color:#941b0c; border-radius:0px; '><article  class=\"iconbox iconbox_left_content    avia-builder-el-9  avia-builder-el-no-sibling  \"  itemscope=\"itemscope\" itemtype=\"https:\/\/schema.org\/CreativeWork\" ><div class=\"iconbox_icon heading-color\" aria-hidden='true' data-av_icon='\ue81f' data-av_iconfont='entypo-fontello'  style='border:1px solid #ffffff; color:#ffffff; ' ><\/div><div class=\"iconbox_content\"><header class=\"entry-content-header\"><h3 class='iconbox_content_title  '  itemprop=\"headline\"   style='color:#ffffff; '>Sp\u00e9cialit\u00e9s Valaisannes<\/h3><\/header><div class='iconbox_content_container av_inherit_color '  itemprop=\"text\"   style='color:#ffffff; '><ul>\n<li>Assiette valaisanne<\/li>\n<li>Assiette avec viande s\u00e9ch\u00e9e du Valais<\/li>\n<li>R\u00f6sti<\/li>\n<\/ul>\n<\/div><\/div><footer class=\"entry-footer\"><\/footer><\/article><\/div>\n<\/div><\/div><div class=\"flex_cell no_margin av_one_third  avia-builder-el-10  el_after_av_cell_one_third  avia-builder-el-last   av-zero-padding \"  style='vertical-align:top; padding:0px; background-color:#220901; ' ><div class='flex_cell_inner' ><div class=\"flex_column av_one_full  flex_column_div first  avia-builder-el-11  avia-builder-el-no-sibling  \" style='padding:40px; background-color:#220901; border-radius:0px; '><article  class=\"iconbox iconbox_left_content    avia-builder-el-12  avia-builder-el-no-sibling  \"  itemscope=\"itemscope\" itemtype=\"https:\/\/schema.org\/CreativeWork\" ><div class=\"iconbox_icon heading-color\" aria-hidden='true' data-av_icon='\ue81f' data-av_iconfont='entypo-fontello'  style='border:1px solid #ffffff; color:#ffffff; ' ><\/div><div class=\"iconbox_content\"><header class=\"entry-content-header\"><h3 class='iconbox_content_title  '  itemprop=\"headline\"   style='color:#ffffff; '>Service de banquet<\/h3><\/header><div class='iconbox_content_container av_inherit_color '  itemprop=\"text\"   style='color:#ffffff; '><ul>\n<li>jusqu\u2019\u00e0 50 personnes environ<\/li>\n<li>R\u00e9unions de famille<\/li>\n<li>Repas d\u2019associations<\/li>\n<li>Assembl\u00e9es et autres occasions<\/li>\n<\/ul>\n<\/div><\/div><footer class=\"entry-footer\"><\/footer><\/article><\/div>\n<\/div><\/div><\/div><div id='after_submenu_1'  class='main_color av_default_container_wrap container_wrap fullsize' style=' '  ><div class='container' ><div class='template-page content  av-content-full alpha units'><div class='post-entry post-entry-type-page post-entry-5408'><div class='entry-content-wrapper clearfix'><div class=\"flex_column av_two_third  flex_column_div av-zero-column-padding first  avia-builder-el-13  el_after_av_layout_row  el_before_av_one_third  avia-builder-el-first  \" style='border-radius:0px; '><section class=\"av_textblock_section \"  itemscope=\"itemscope\" itemtype=\"https:\/\/schema.org\/CreativeWork\" ><div class='avia_textblock  '   itemprop=\"text\" ><p>Au restaurant Heilquelle, la journ\u00e9e commence par un copieux buffet petit d\u00e9jeuner et se termine par un savoureux menu \u00e0 5 plats et un bon verre de vin de notre cave. Car passer des vacances \u00e0 Lo\u00e8che-les-Bains, c\u2019est aussi savourer de d\u00e9licieux moments de convivialit\u00e9 autour d\u2019une table.<\/p>\n<p>Notre chef cuisinier, Thomas Loretan, vous propose une cuisine raffin\u00e9e et vari\u00e9e \u00e0 la carte, qui fait \u00e9galement la part belle aux sp\u00e9cialit\u00e9s locales.<\/p>\n<p><strong>Nous vous recommandons notre salle pour des banquets jusqu\u2019\u00e0 50 personnes environ.<\/strong><\/p>\n<p>Devis sur demande. N\u2019h\u00e9sitez pas \u00e0 nous appeler ou \u00e0 nous envoyer un e-mail.<\/p>\n<p>Bon app\u00e9tit!<\/p>\n<\/div><\/section><\/div><\/p>\n<div class=\"flex_column av_one_third  flex_column_div av-zero-column-padding   avia-builder-el-15  el_after_av_two_third  avia-builder-el-last  \" style='border-radius:0px; '><p><div  style='height:20px' class='hr hr-invisible   avia-builder-el-16  el_before_av_codeblock  avia-builder-el-first '><span class='hr-inner ' ><span class='hr-inner-style'><\/span><\/span><\/div><br \/>\n<\/p><\/div>\n","protected":false},"excerpt":{"rendered":"","protected":false},"author":2,"featured_media":0,"parent":0,"menu_order":29,"comment_status":"closed","ping_status":"closed","template":"","meta":{"footnotes":""},"class_list":["post-5408","page","type-page","status-publish","hentry"],"yoast_head":"<!-- This site is optimized with the Yoast SEO plugin v27.6 - https:\/\/yoast.com\/product\/yoast-seo-wordpress\/ -->\n<title>Restaurant avec sp\u00e9cialit\u00e9s valaisannes - Hotel Restaurant Heilquelle<\/title>\n<meta name=\"description\" content=\"D\u00e9gustez des sp\u00e9cialit\u00e9s valaisannes et des plats \u00e0 la carte dans le restaurant Heilquelle Leukerbad: Ch\u00e2teaubriand, steak et entrec\u00f4te sur la pierre chaude\" \/>\n<meta name=\"robots\" content=\"index, follow, max-snippet:-1, max-image-preview:large, max-video-preview:-1\" \/>\n<link rel=\"canonical\" href=\"https:\/\/www.heilquelle.ch\/fr\/restaurant-a-loeche-les-bains\/\" \/>\n<meta name=\"twitter:label1\" content=\"Dur\u00e9e de lecture estim\u00e9e\" \/>\n\t<meta name=\"twitter:data1\" content=\"4 minutes\" \/>\n<script type=\"application\/ld+json\" class=\"yoast-schema-graph\">{\"@context\":\"https:\\\/\\\/schema.org\",\"@graph\":[{\"@type\":\"WebPage\",\"@id\":\"https:\\\/\\\/www.heilquelle.ch\\\/fr\\\/restaurant-a-loeche-les-bains\\\/\",\"url\":\"https:\\\/\\\/www.heilquelle.ch\\\/fr\\\/restaurant-a-loeche-les-bains\\\/\",\"name\":\"Restaurant avec sp\u00e9cialit\u00e9s valaisannes - Hotel Restaurant Heilquelle\",\"isPartOf\":{\"@id\":\"https:\\\/\\\/www.heilquelle.ch\\\/fr\\\/#website\"},\"primaryImageOfPage\":{\"@id\":\"https:\\\/\\\/www.heilquelle.ch\\\/fr\\\/restaurant-a-loeche-les-bains\\\/#primaryimage\"},\"image\":{\"@id\":\"https:\\\/\\\/www.heilquelle.ch\\\/fr\\\/restaurant-a-loeche-les-bains\\\/#primaryimage\"},\"thumbnailUrl\":\"https:\\\/\\\/www.tripadvisor.de\\\/img\\\/cdsi\\\/img2\\\/branding\\\/medium-logo-12097-2.png\",\"datePublished\":\"2017-07-30T21:29:29+00:00\",\"dateModified\":\"2024-01-31T08:11:33+00:00\",\"description\":\"D\u00e9gustez des sp\u00e9cialit\u00e9s valaisannes et des plats \u00e0 la carte dans le restaurant Heilquelle Leukerbad: Ch\u00e2teaubriand, steak et entrec\u00f4te sur la pierre chaude\",\"inLanguage\":\"fr-FR\",\"potentialAction\":[{\"@type\":\"ReadAction\",\"target\":[\"https:\\\/\\\/www.heilquelle.ch\\\/fr\\\/restaurant-a-loeche-les-bains\\\/\"]}]},{\"@type\":\"ImageObject\",\"inLanguage\":\"fr-FR\",\"@id\":\"https:\\\/\\\/www.heilquelle.ch\\\/fr\\\/restaurant-a-loeche-les-bains\\\/#primaryimage\",\"url\":\"https:\\\/\\\/www.tripadvisor.de\\\/img\\\/cdsi\\\/img2\\\/branding\\\/medium-logo-12097-2.png\",\"contentUrl\":\"https:\\\/\\\/www.tripadvisor.de\\\/img\\\/cdsi\\\/img2\\\/branding\\\/medium-logo-12097-2.png\"},{\"@type\":\"WebSite\",\"@id\":\"https:\\\/\\\/www.heilquelle.ch\\\/fr\\\/#website\",\"url\":\"https:\\\/\\\/www.heilquelle.ch\\\/fr\\\/\",\"name\":\"Hotel Restaurant Heilquelle Leukerbad\",\"description\":\"Gastfreundschaft in Leukerbad\",\"publisher\":{\"@id\":\"https:\\\/\\\/www.heilquelle.ch\\\/fr\\\/#organization\"},\"potentialAction\":[{\"@type\":\"SearchAction\",\"target\":{\"@type\":\"EntryPoint\",\"urlTemplate\":\"https:\\\/\\\/www.heilquelle.ch\\\/fr\\\/?s={search_term_string}\"},\"query-input\":{\"@type\":\"PropertyValueSpecification\",\"valueRequired\":true,\"valueName\":\"search_term_string\"}}],\"inLanguage\":\"fr-FR\"},{\"@type\":\"Organization\",\"@id\":\"https:\\\/\\\/www.heilquelle.ch\\\/fr\\\/#organization\",\"name\":\"Hotel Restaurant Heilquelle Leukerbad\",\"url\":\"https:\\\/\\\/www.heilquelle.ch\\\/fr\\\/\",\"logo\":{\"@type\":\"ImageObject\",\"inLanguage\":\"fr-FR\",\"@id\":\"https:\\\/\\\/www.heilquelle.ch\\\/fr\\\/#\\\/schema\\\/logo\\\/image\\\/\",\"url\":\"https:\\\/\\\/www.heilquelle.ch\\\/v2\\\/wp-content\\\/uploads\\\/logo-hotel-heilquelle-leukerbad-footer-fr.png\",\"contentUrl\":\"https:\\\/\\\/www.heilquelle.ch\\\/v2\\\/wp-content\\\/uploads\\\/logo-hotel-heilquelle-leukerbad-footer-fr.png\",\"width\":566,\"height\":160,\"caption\":\"Hotel Restaurant Heilquelle Leukerbad\"},\"image\":{\"@id\":\"https:\\\/\\\/www.heilquelle.ch\\\/fr\\\/#\\\/schema\\\/logo\\\/image\\\/\"}}]}<\/script>\n<!-- \/ Yoast SEO plugin. -->","yoast_head_json":{"title":"Restaurant avec sp\u00e9cialit\u00e9s valaisannes - Hotel Restaurant Heilquelle","description":"D\u00e9gustez des sp\u00e9cialit\u00e9s valaisannes et des plats \u00e0 la carte dans le restaurant Heilquelle Leukerbad: Ch\u00e2teaubriand, steak et entrec\u00f4te sur la pierre chaude","robots":{"index":"index","follow":"follow","max-snippet":"max-snippet:-1","max-image-preview":"max-image-preview:large","max-video-preview":"max-video-preview:-1"},"canonical":"https:\/\/www.heilquelle.ch\/fr\/restaurant-a-loeche-les-bains\/","twitter_misc":{"Dur\u00e9e de lecture estim\u00e9e":"4 minutes"},"schema":{"@context":"https:\/\/schema.org","@graph":[{"@type":"WebPage","@id":"https:\/\/www.heilquelle.ch\/fr\/restaurant-a-loeche-les-bains\/","url":"https:\/\/www.heilquelle.ch\/fr\/restaurant-a-loeche-les-bains\/","name":"Restaurant avec sp\u00e9cialit\u00e9s valaisannes - Hotel Restaurant Heilquelle","isPartOf":{"@id":"https:\/\/www.heilquelle.ch\/fr\/#website"},"primaryImageOfPage":{"@id":"https:\/\/www.heilquelle.ch\/fr\/restaurant-a-loeche-les-bains\/#primaryimage"},"image":{"@id":"https:\/\/www.heilquelle.ch\/fr\/restaurant-a-loeche-les-bains\/#primaryimage"},"thumbnailUrl":"https:\/\/www.tripadvisor.de\/img\/cdsi\/img2\/branding\/medium-logo-12097-2.png","datePublished":"2017-07-30T21:29:29+00:00","dateModified":"2024-01-31T08:11:33+00:00","description":"D\u00e9gustez des sp\u00e9cialit\u00e9s valaisannes et des plats \u00e0 la carte dans le restaurant Heilquelle Leukerbad: Ch\u00e2teaubriand, steak et entrec\u00f4te sur la pierre chaude","inLanguage":"fr-FR","potentialAction":[{"@type":"ReadAction","target":["https:\/\/www.heilquelle.ch\/fr\/restaurant-a-loeche-les-bains\/"]}]},{"@type":"ImageObject","inLanguage":"fr-FR","@id":"https:\/\/www.heilquelle.ch\/fr\/restaurant-a-loeche-les-bains\/#primaryimage","url":"https:\/\/www.tripadvisor.de\/img\/cdsi\/img2\/branding\/medium-logo-12097-2.png","contentUrl":"https:\/\/www.tripadvisor.de\/img\/cdsi\/img2\/branding\/medium-logo-12097-2.png"},{"@type":"WebSite","@id":"https:\/\/www.heilquelle.ch\/fr\/#website","url":"https:\/\/www.heilquelle.ch\/fr\/","name":"Hotel Restaurant Heilquelle Leukerbad","description":"Gastfreundschaft in Leukerbad","publisher":{"@id":"https:\/\/www.heilquelle.ch\/fr\/#organization"},"potentialAction":[{"@type":"SearchAction","target":{"@type":"EntryPoint","urlTemplate":"https:\/\/www.heilquelle.ch\/fr\/?s={search_term_string}"},"query-input":{"@type":"PropertyValueSpecification","valueRequired":true,"valueName":"search_term_string"}}],"inLanguage":"fr-FR"},{"@type":"Organization","@id":"https:\/\/www.heilquelle.ch\/fr\/#organization","name":"Hotel Restaurant Heilquelle Leukerbad","url":"https:\/\/www.heilquelle.ch\/fr\/","logo":{"@type":"ImageObject","inLanguage":"fr-FR","@id":"https:\/\/www.heilquelle.ch\/fr\/#\/schema\/logo\/image\/","url":"https:\/\/www.heilquelle.ch\/v2\/wp-content\/uploads\/logo-hotel-heilquelle-leukerbad-footer-fr.png","contentUrl":"https:\/\/www.heilquelle.ch\/v2\/wp-content\/uploads\/logo-hotel-heilquelle-leukerbad-footer-fr.png","width":566,"height":160,"caption":"Hotel Restaurant Heilquelle Leukerbad"},"image":{"@id":"https:\/\/www.heilquelle.ch\/fr\/#\/schema\/logo\/image\/"}}]}},"publishpress_future_action":{"enabled":false,"date":"2026-05-21 09:59:01","action":"change-status","newStatus":"draft","terms":[],"taxonomy":"translation_priority","extraData":[]},"publishpress_future_workflow_manual_trigger":{"enabledWorkflows":[]},"_links":{"self":[{"href":"https:\/\/www.heilquelle.ch\/fr\/wp-json\/wp\/v2\/pages\/5408","targetHints":{"allow":["GET"]}}],"collection":[{"href":"https:\/\/www.heilquelle.ch\/fr\/wp-json\/wp\/v2\/pages"}],"about":[{"href":"https:\/\/www.heilquelle.ch\/fr\/wp-json\/wp\/v2\/types\/page"}],"author":[{"embeddable":true,"href":"https:\/\/www.heilquelle.ch\/fr\/wp-json\/wp\/v2\/users\/2"}],"replies":[{"embeddable":true,"href":"https:\/\/www.heilquelle.ch\/fr\/wp-json\/wp\/v2\/comments?post=5408"}],"version-history":[{"count":5,"href":"https:\/\/www.heilquelle.ch\/fr\/wp-json\/wp\/v2\/pages\/5408\/revisions"}],"predecessor-version":[{"id":8598,"href":"https:\/\/www.heilquelle.ch\/fr\/wp-json\/wp\/v2\/pages\/5408\/revisions\/8598"}],"wp:attachment":[{"href":"https:\/\/www.heilquelle.ch\/fr\/wp-json\/wp\/v2\/media?parent=5408"}],"curies":[{"name":"wp","href":"https:\/\/api.w.org\/{rel}","templated":true}]}}