{"id":5055,"date":"2017-07-31T17:56:45","date_gmt":"2017-07-31T15:56:45","guid":{"rendered":"https:\/\/www.heilquelle.ch\/?page_id=5055\/"},"modified":"2019-12-23T13:05:35","modified_gmt":"2019-12-23T12:05:35","slug":"informazioni-legali","status":"publish","type":"page","link":"https:\/\/www.heilquelle.ch\/it\/informazioni-legali\/","title":{"rendered":"Informazioni legali"},"content":{"rendered":"<div id='av_section_1'  class='avia-section main_color avia-section-default avia-no-shadow  avia-bg-style-scroll  avia-builder-el-0  avia-builder-el-no-sibling   container_wrap fullsize' style=' '  ><div class='container' ><main  role=\"main\" itemprop=\"mainContentOfPage\"  class='template-page content  av-content-full alpha units'><div class='post-entry post-entry-type-page post-entry-5055'><div class='entry-content-wrapper clearfix'>\n<div  style='padding-bottom:25px; ' class='av-special-heading av-special-heading-h1  blockquote modern-quote  avia-builder-el-1  el_before_av_two_third  avia-builder-el-first  '><h1 class='av-special-heading-tag '  itemprop=\"headline\"  >Informazioni legali<\/h1><div class='special-heading-border'><div class='special-heading-inner-border' ><\/div><\/div><\/div>\n<div class=\"flex_column av_two_third  flex_column_div av-zero-column-padding first  avia-builder-el-2  el_after_av_heading  el_before_av_one_third  \" style='border-radius:0px; '><div   class=\"togglecontainer   toggle_close_all  avia-builder-el-3  avia-builder-el-no-sibling \" >\n<section class=\"av_toggle_section\"  itemscope=\"itemscope\" itemtype=\"https:\/\/schema.org\/CreativeWork\"  >    <div role=\"tablist\" class=\"single_toggle\" data-tags=\"{Tutto} \"  >        <p data-fake-id=\"#toggle-id-1\" class=\"toggler \"  itemprop=\"headline\"    role=\"tab\" tabindex=\"0\" aria-controls=\"toggle-id-1\">Responsabilit\u00e0 limitata<span class=\"toggle_icon\" >        <span class=\"vert_icon\"><\/span><span class=\"hor_icon\"><\/span><\/span><\/p>        <div id=\"toggle-id-1\" class=\"toggle_wrap \"   >            <div class=\"toggle_content invers-color \"  itemprop=\"text\"   ><p>Questo sito \u00e8 stato concepito con la massima accuratezza. Ciononostante il detentore del dominio non \u00e8 in misura di garantire l\u2019esattezza e l\u2019affidabilit\u00e0 delle informazioni fornite da terzi. Il detentore si riserva il diritto di modificare o completare &#8211; in qualunque momento e senza notifica preliminare &#8211; le informazioni messe a disposizione sul sito.<\/p>\n<p>Il detentore del dominio declina qualsiasi responsabilit\u00e0 per danni diretti o indiretti che potrebbero insorgere in relazione con l\u2019accesso, l\u2019utilizzazione, la consultazione di questo sito o con i collegamenti verso altri siti.<\/p>\n            <\/div>        <\/div>    <\/div><\/section>\n<section class=\"av_toggle_section\"  itemscope=\"itemscope\" itemtype=\"https:\/\/schema.org\/CreativeWork\"  >    <div role=\"tablist\" class=\"single_toggle\" data-tags=\"{Tutto} \"  >        <p data-fake-id=\"#toggle-id-2\" class=\"toggler \"  itemprop=\"headline\"    role=\"tab\" tabindex=\"0\" aria-controls=\"toggle-id-2\">Links e hyperlinks<span class=\"toggle_icon\" >        <span class=\"vert_icon\"><\/span><span class=\"hor_icon\"><\/span><\/span><\/p>        <div id=\"toggle-id-2\" class=\"toggle_wrap \"   >            <div class=\"toggle_content invers-color \"  itemprop=\"text\"   ><p>Chiunque attivi su questo sito dei collegamenti (links e\/o hyperlinks), lascia automaticamente questo sito e si reca su siti esterni a heilquelle.ch. Il detentore declina qualsiasi responsabilit\u00e0 per i contenuti di tali siti, i prodotti\/servizi e altre prestazioni ivi proposte.<\/p>\n            <\/div>        <\/div>    <\/div><\/section>\n<section class=\"av_toggle_section\"  itemscope=\"itemscope\" itemtype=\"https:\/\/schema.org\/CreativeWork\"  >    <div role=\"tablist\" class=\"single_toggle\" data-tags=\"{Tutto} \"  >        <p data-fake-id=\"#toggle-id-3\" class=\"toggler \"  itemprop=\"headline\"    role=\"tab\" tabindex=\"0\" aria-controls=\"toggle-id-3\">Sicurezza &amp; protezione dei dati<span class=\"toggle_icon\" >        <span class=\"vert_icon\"><\/span><span class=\"hor_icon\"><\/span><\/span><\/p>        <div id=\"toggle-id-3\" class=\"toggle_wrap \"   >            <div class=\"toggle_content invers-color \"  itemprop=\"text\"   ><p>Pu\u00f2 accadere che i visitatori di questo sito siano invitati a fornire informazioni personali. La risposta \u00e8 facoltativa. Tutti i dati personali rilevati sui server di heilquelle.ch vengono registrati esclusivamente per il loro utilizzo individuale oppure per inviare informazioni o sottoporre offerte. Il detentore non vende n\u00e9 consegna tali dati a terzi e s\u2019impegna a trattarli nel rispetto della massima riservatezza e in conformit\u00e0 con le vigenti disposizioni legali sulla protezione dei dati.<\/p>\n<p><a href=\"https:\/\/www.heilquelle.ch\/it\/dichiarazione-sulla-privacy\/\">\u00bb Dichiarazione sulla privacy<\/a><\/p>\n            <\/div>        <\/div>    <\/div><\/section>\n<section class=\"av_toggle_section\"  itemscope=\"itemscope\" itemtype=\"https:\/\/schema.org\/CreativeWork\"  >    <div role=\"tablist\" class=\"single_toggle\" data-tags=\"{Tutto} \"  >        <p data-fake-id=\"#toggle-id-4\" class=\"toggler \"  itemprop=\"headline\"    role=\"tab\" tabindex=\"0\" aria-controls=\"toggle-id-4\">Copyright<span class=\"toggle_icon\" >        <span class=\"vert_icon\"><\/span><span class=\"hor_icon\"><\/span><\/span><\/p>        <div id=\"toggle-id-4\" class=\"toggle_wrap \"   >            <div class=\"toggle_content invers-color \"  itemprop=\"text\"   ><p><strong>Tutti i diritti riservati.<\/strong><\/p>\n<p>Il contenuto del sito Internet di heilquelle.ch \u00e8 protetto dal diritto d\u2019autore (talune pagine possono contenere immagini e testi protetti dal copyright di terzi).<\/p>\n<p>Il contenuto di questo sito pu\u00f2 essere utilizzato solo a scopi privati. \u00c8 fatta salva qualsiasi altra utilizzazione. In particolare, il contenuto di questo non pu\u00f2 essere diffuso a scopi commerciali o non, modificato, messo a disposizione di terzi, copiato su supporti ottici ed elettronici, riprodotto, registrato o utilizzato senza l\u2019autorizzazione scritta del detentore.<\/p>\n<p>La messa a disposizione di questo sito non d\u00e0 adito a nessuna licenza d\u2019utilizzazione della propriet\u00e0 intellettuale del detentore o di terzi.<\/p>\n<p><strong>Marchi<\/strong><\/p>\n<p>Salvo specifiche contrarie, tutti i marchi riprodotti su questo sito sono protetti dal diritto dei marchi. Ci\u00f2 vale in particolare per i marchi del detentore, marchi aziendali e qualsiasi tipo di simbolo. Tutti i diritti riservati.<\/p>\n            <\/div>        <\/div>    <\/div><\/section>\n<\/div><\/div><div class=\"flex_column av_one_third  flex_column_div av-zero-column-padding   avia-builder-el-4  el_after_av_two_third  avia-builder-el-last  \" style='border-radius:0px; '><section class=\"av_textblock_section \"  itemscope=\"itemscope\" itemtype=\"https:\/\/schema.org\/CreativeWork\" ><div class='avia_textblock  '   itemprop=\"text\" ><p><a href=\"mailto:info@heilquelle.ch?subject=Email%20heilquelle.ch\">\u00bb info@heilquelle.ch<\/a><\/p>\n<p><a href=\"https:\/\/www.heilquelle.ch\/it\/impressum\/\">\u00bb Impressum<\/a><\/p>\n<p><a href=\"https:\/\/www.heilquelle.ch\/it\/dichiarazione-sulla-privacy\/\">\u00bb Dichiarazione sulla privacy<\/a><\/p>\n<div><\/div>\n<\/div><\/section><\/div>\n\n","protected":false},"excerpt":{"rendered":"","protected":false},"author":2,"featured_media":0,"parent":0,"menu_order":55,"comment_status":"closed","ping_status":"closed","template":"","meta":{"footnotes":""},"class_list":["post-5055","page","type-page","status-publish","hentry"],"yoast_head":"<!-- This site is optimized with the Yoast SEO plugin v27.4 - https:\/\/yoast.com\/product\/yoast-seo-wordpress\/ -->\n<title>Informazioni legali - Hotel Restaurant Heilquelle Leukerbad<\/title>\n<meta name=\"robots\" content=\"index, follow, max-snippet:-1, max-image-preview:large, max-video-preview:-1\" \/>\n<link rel=\"canonical\" href=\"https:\/\/www.heilquelle.ch\/it\/informazioni-legali\/\" \/>\n<meta name=\"twitter:label1\" content=\"Tempo di lettura stimato\" \/>\n\t<meta name=\"twitter:data1\" content=\"4 minuti\" \/>\n<script type=\"application\/ld+json\" class=\"yoast-schema-graph\">{\"@context\":\"https:\\\/\\\/schema.org\",\"@graph\":[{\"@type\":\"WebPage\",\"@id\":\"https:\\\/\\\/www.heilquelle.ch\\\/it\\\/informazioni-legali\\\/\",\"url\":\"https:\\\/\\\/www.heilquelle.ch\\\/it\\\/informazioni-legali\\\/\",\"name\":\"Informazioni legali - Hotel Restaurant Heilquelle Leukerbad\",\"isPartOf\":{\"@id\":\"https:\\\/\\\/www.heilquelle.ch\\\/it\\\/#website\"},\"datePublished\":\"2017-07-31T15:56:45+00:00\",\"dateModified\":\"2019-12-23T12:05:35+00:00\",\"inLanguage\":\"it-IT\",\"potentialAction\":[{\"@type\":\"ReadAction\",\"target\":[\"https:\\\/\\\/www.heilquelle.ch\\\/it\\\/informazioni-legali\\\/\"]}]},{\"@type\":\"WebSite\",\"@id\":\"https:\\\/\\\/www.heilquelle.ch\\\/it\\\/#website\",\"url\":\"https:\\\/\\\/www.heilquelle.ch\\\/it\\\/\",\"name\":\"Hotel Restaurant Heilquelle Leukerbad\",\"description\":\"Gastfreundschaft in Leukerbad\",\"publisher\":{\"@id\":\"https:\\\/\\\/www.heilquelle.ch\\\/it\\\/#organization\"},\"potentialAction\":[{\"@type\":\"SearchAction\",\"target\":{\"@type\":\"EntryPoint\",\"urlTemplate\":\"https:\\\/\\\/www.heilquelle.ch\\\/it\\\/?s={search_term_string}\"},\"query-input\":{\"@type\":\"PropertyValueSpecification\",\"valueRequired\":true,\"valueName\":\"search_term_string\"}}],\"inLanguage\":\"it-IT\"},{\"@type\":\"Organization\",\"@id\":\"https:\\\/\\\/www.heilquelle.ch\\\/it\\\/#organization\",\"name\":\"Hotel Restaurant Heilquelle Leukerbad\",\"url\":\"https:\\\/\\\/www.heilquelle.ch\\\/it\\\/\",\"logo\":{\"@type\":\"ImageObject\",\"inLanguage\":\"it-IT\",\"@id\":\"https:\\\/\\\/www.heilquelle.ch\\\/it\\\/#\\\/schema\\\/logo\\\/image\\\/\",\"url\":\"https:\\\/\\\/www.heilquelle.ch\\\/v2\\\/wp-content\\\/uploads\\\/logo-hotel-heilquelle-leukerbad-footer-fr.png\",\"contentUrl\":\"https:\\\/\\\/www.heilquelle.ch\\\/v2\\\/wp-content\\\/uploads\\\/logo-hotel-heilquelle-leukerbad-footer-fr.png\",\"width\":566,\"height\":160,\"caption\":\"Hotel Restaurant Heilquelle Leukerbad\"},\"image\":{\"@id\":\"https:\\\/\\\/www.heilquelle.ch\\\/it\\\/#\\\/schema\\\/logo\\\/image\\\/\"}}]}<\/script>\n<!-- \/ Yoast SEO plugin. -->","yoast_head_json":{"title":"Informazioni legali - Hotel Restaurant Heilquelle Leukerbad","robots":{"index":"index","follow":"follow","max-snippet":"max-snippet:-1","max-image-preview":"max-image-preview:large","max-video-preview":"max-video-preview:-1"},"canonical":"https:\/\/www.heilquelle.ch\/it\/informazioni-legali\/","twitter_misc":{"Tempo di lettura stimato":"4 minuti"},"schema":{"@context":"https:\/\/schema.org","@graph":[{"@type":"WebPage","@id":"https:\/\/www.heilquelle.ch\/it\/informazioni-legali\/","url":"https:\/\/www.heilquelle.ch\/it\/informazioni-legali\/","name":"Informazioni legali - Hotel Restaurant Heilquelle Leukerbad","isPartOf":{"@id":"https:\/\/www.heilquelle.ch\/it\/#website"},"datePublished":"2017-07-31T15:56:45+00:00","dateModified":"2019-12-23T12:05:35+00:00","inLanguage":"it-IT","potentialAction":[{"@type":"ReadAction","target":["https:\/\/www.heilquelle.ch\/it\/informazioni-legali\/"]}]},{"@type":"WebSite","@id":"https:\/\/www.heilquelle.ch\/it\/#website","url":"https:\/\/www.heilquelle.ch\/it\/","name":"Hotel Restaurant Heilquelle Leukerbad","description":"Gastfreundschaft in Leukerbad","publisher":{"@id":"https:\/\/www.heilquelle.ch\/it\/#organization"},"potentialAction":[{"@type":"SearchAction","target":{"@type":"EntryPoint","urlTemplate":"https:\/\/www.heilquelle.ch\/it\/?s={search_term_string}"},"query-input":{"@type":"PropertyValueSpecification","valueRequired":true,"valueName":"search_term_string"}}],"inLanguage":"it-IT"},{"@type":"Organization","@id":"https:\/\/www.heilquelle.ch\/it\/#organization","name":"Hotel Restaurant Heilquelle Leukerbad","url":"https:\/\/www.heilquelle.ch\/it\/","logo":{"@type":"ImageObject","inLanguage":"it-IT","@id":"https:\/\/www.heilquelle.ch\/it\/#\/schema\/logo\/image\/","url":"https:\/\/www.heilquelle.ch\/v2\/wp-content\/uploads\/logo-hotel-heilquelle-leukerbad-footer-fr.png","contentUrl":"https:\/\/www.heilquelle.ch\/v2\/wp-content\/uploads\/logo-hotel-heilquelle-leukerbad-footer-fr.png","width":566,"height":160,"caption":"Hotel Restaurant Heilquelle Leukerbad"},"image":{"@id":"https:\/\/www.heilquelle.ch\/it\/#\/schema\/logo\/image\/"}}]}},"publishpress_future_action":{"enabled":false,"date":"2026-04-28 13:00:52","action":"change-status","newStatus":"draft","terms":[],"taxonomy":"translation_priority","extraData":[]},"publishpress_future_workflow_manual_trigger":{"enabledWorkflows":[]},"_links":{"self":[{"href":"https:\/\/www.heilquelle.ch\/it\/wp-json\/wp\/v2\/pages\/5055","targetHints":{"allow":["GET"]}}],"collection":[{"href":"https:\/\/www.heilquelle.ch\/it\/wp-json\/wp\/v2\/pages"}],"about":[{"href":"https:\/\/www.heilquelle.ch\/it\/wp-json\/wp\/v2\/types\/page"}],"author":[{"embeddable":true,"href":"https:\/\/www.heilquelle.ch\/it\/wp-json\/wp\/v2\/users\/2"}],"replies":[{"embeddable":true,"href":"https:\/\/www.heilquelle.ch\/it\/wp-json\/wp\/v2\/comments?post=5055"}],"version-history":[{"count":3,"href":"https:\/\/www.heilquelle.ch\/it\/wp-json\/wp\/v2\/pages\/5055\/revisions"}],"predecessor-version":[{"id":7848,"href":"https:\/\/www.heilquelle.ch\/it\/wp-json\/wp\/v2\/pages\/5055\/revisions\/7848"}],"wp:attachment":[{"href":"https:\/\/www.heilquelle.ch\/it\/wp-json\/wp\/v2\/media?parent=5055"}],"curies":[{"name":"wp","href":"https:\/\/api.w.org\/{rel}","templated":true}]}}